{"id":33437,"date":"2017-01-31T09:29:14","date_gmt":"2017-01-31T09:29:14","guid":{"rendered":"https:\/\/www.alltpaettkort.com\/produkt\/spyfall-2\/"},"modified":"2022-01-13T08:26:27","modified_gmt":"2022-01-13T08:26:27","slug":"spyfall-2","status":"publish","type":"product","link":"https:\/\/www.alltpaettkort.com\/en\/product\/spyfall-2\/","title":{"rendered":"Spyfall 2"},"content":{"rendered":"<p><em>Spyfall<\/em>\u00a0is a party game unlike any other, one in which you get to be a spy and try to understand what&#8217;s going on around you. It&#8217;s really simple!<\/p>\n<p><em>Spyfall<\/em>\u00a0is played over several rounds, and at the start of each round all players receive cards showing the same location \u2014 except that one player receives a card that says &#8221;Spy&#8221; instead of the location. Players then start asking each other questions \u2014 &#8221;Why are you dressed so strangely?&#8221; or &#8221;When was the last time we got a payday?&#8221; or anything else you can come up with \u2014 trying to guess who among them is the spy. The spy doesn&#8217;t know where he is, so he has to listen carefully. When it&#8217;s his time to answer, he&#8217;d better create a good story!<\/p>\n<p>At any time during a round, one player may accuse another of being a spy. If all other players agree with the accusation, the round ends and the accused player has to reveal his identity. If the spy is uncovered, all other players score points. However, the spy can himself end a round by announcing that he understands what the secret location is; if his guess is correct, only the spy scores points.<\/p>\n<p>After a few rounds of guessing, suspicion and bluffing, the game ends and whoever has scored the most points is victorious!<\/p>\n<p><em>Spyfall 2<\/em>\u00a0features the same gameplay as\u00a0<em>Spyfall<\/em>\u00a0with two important changes: (1) Enough location cards are included that the upper player count is now twelve instead of eight, and (2) two spies can be found at each location, giving all of the non-spy players more of a challenge when it comes to tracking down who doesn&#8217;t belong.<\/p>\n<p><a href=\"https:\/\/boardgamegeek.com\/boardgame\/193308\/spyfall-2\" target=\"_blank\" rel=\"noopener\"><strong>L\u00e4s mer p\u00e5 Boardgamegeek<\/strong><\/a><\/p>","protected":false},"excerpt":{"rendered":"<p>Ett nytt Spyfall med \u00e4nnu fler platser, dubbla spioner och st\u00f6d f\u00f6r upp till 12 personer!<\/p>","protected":false},"featured_media":33438,"template":"","meta":[],"product_brand":[],"product_cat":[38,30],"product_tag":[141],"class_list":{"0":"post-33437","1":"product","2":"type-product","3":"status-publish","4":"has-post-thumbnail","6":"product_cat-partyspel","7":"product_cat-sallskapsspel","8":"product_tag-cryptozoic","10":"first","11":"outofstock","12":"taxable","13":"shipping-taxable","14":"purchasable","15":"product-type-simple"},"_links":{"self":[{"href":"https:\/\/www.alltpaettkort.com\/en\/wp-json\/wp\/v2\/product\/33437","targetHints":{"allow":["GET"]}}],"collection":[{"href":"https:\/\/www.alltpaettkort.com\/en\/wp-json\/wp\/v2\/product"}],"about":[{"href":"https:\/\/www.alltpaettkort.com\/en\/wp-json\/wp\/v2\/types\/product"}],"wp:featuredmedia":[{"embeddable":true,"href":"https:\/\/www.alltpaettkort.com\/en\/wp-json\/wp\/v2\/media\/33438"}],"wp:attachment":[{"href":"https:\/\/www.alltpaettkort.com\/en\/wp-json\/wp\/v2\/media?parent=33437"}],"wp:term":[{"taxonomy":"product_brand","embeddable":true,"href":"https:\/\/www.alltpaettkort.com\/en\/wp-json\/wp\/v2\/product_brand?post=33437"},{"taxonomy":"product_cat","embeddable":true,"href":"https:\/\/www.alltpaettkort.com\/en\/wp-json\/wp\/v2\/product_cat?post=33437"},{"taxonomy":"product_tag","embeddable":true,"href":"https:\/\/www.alltpaettkort.com\/en\/wp-json\/wp\/v2\/product_tag?post=33437"}],"curies":[{"name":"wp","href":"https:\/\/api.w.org\/{rel}","templated":true}]}}