{"id":33537,"date":"2017-08-13T13:38:08","date_gmt":"2017-08-13T13:38:08","guid":{"rendered":"https:\/\/www.alltpaettkort.com\/produkt\/clank\/"},"modified":"2022-01-13T08:26:28","modified_gmt":"2022-01-13T08:26:28","slug":"clank","status":"publish","type":"product","link":"https:\/\/www.alltpaettkort.com\/en\/product\/clank\/","title":{"rendered":"Clank!"},"content":{"rendered":"<p>Burgle your way to adventure in the deck-building board game\u00a0<em>Clank!<\/em>\u00a0Sneak into an angry dragon&#8217;s mountain lair to steal precious artifacts. Delve deeper to find more valuable loot. Acquire cards for your deck and watch your thievish abilities grow.<\/p>\n<p>Be quick and be quiet. One false step and CLANK! Each careless sound draws the attention of the dragon, and each artifact stolen increases its rage. You can enjoy your plunder only if you make it out of the depths alive!<\/p>\n<p><strong>F\u00f6r 2-4 spelare<\/strong><br \/>\n<strong>30-60 min speltid<\/strong><br \/>\n<strong>Rekommenderad \u00e5lder: 12 <\/strong><br \/>\n<strong><a href=\"https:\/\/boardgamegeek.com\/boardgame\/201808\/clank\" target=\"_blank\" rel=\"noopener noreferrer\">L\u00e4s mer p\u00e5 Boardgamegeek<\/a><\/strong><\/p>","protected":false},"excerpt":{"rendered":"<p>Smyg rakt in i drakn\u00e4stet f\u00f6r att knipa \u00e5t dig s\u00e5 mycket godsaker som m\u00f6jligt utan att stryka med p\u00e5 v\u00e4gen ut! Clank! \u00e4r ett ruskigt omtyckt och sp\u00e4nnande deckbuilder-spel!<\/p>","protected":false},"featured_media":33538,"template":"","meta":[],"product_brand":[],"product_cat":[16,34],"product_tag":[403],"class_list":{"0":"post-33537","1":"product","2":"type-product","3":"status-publish","4":"has-post-thumbnail","6":"product_cat-ameritrash","7":"product_cat-aventyrsspel","8":"product_tag-clank","10":"first","11":"outofstock","12":"taxable","13":"shipping-taxable","14":"purchasable","15":"product-type-simple"},"_links":{"self":[{"href":"https:\/\/www.alltpaettkort.com\/en\/wp-json\/wp\/v2\/product\/33537","targetHints":{"allow":["GET"]}}],"collection":[{"href":"https:\/\/www.alltpaettkort.com\/en\/wp-json\/wp\/v2\/product"}],"about":[{"href":"https:\/\/www.alltpaettkort.com\/en\/wp-json\/wp\/v2\/types\/product"}],"wp:featuredmedia":[{"embeddable":true,"href":"https:\/\/www.alltpaettkort.com\/en\/wp-json\/wp\/v2\/media\/33538"}],"wp:attachment":[{"href":"https:\/\/www.alltpaettkort.com\/en\/wp-json\/wp\/v2\/media?parent=33537"}],"wp:term":[{"taxonomy":"product_brand","embeddable":true,"href":"https:\/\/www.alltpaettkort.com\/en\/wp-json\/wp\/v2\/product_brand?post=33537"},{"taxonomy":"product_cat","embeddable":true,"href":"https:\/\/www.alltpaettkort.com\/en\/wp-json\/wp\/v2\/product_cat?post=33537"},{"taxonomy":"product_tag","embeddable":true,"href":"https:\/\/www.alltpaettkort.com\/en\/wp-json\/wp\/v2\/product_tag?post=33537"}],"curies":[{"name":"wp","href":"https:\/\/api.w.org\/{rel}","templated":true}]}}