{"id":33579,"date":"2017-01-16T11:08:38","date_gmt":"2017-01-16T11:08:38","guid":{"rendered":"https:\/\/www.alltpaettkort.com\/produkt\/ulm\/"},"modified":"2022-01-13T08:33:49","modified_gmt":"2022-01-13T08:33:49","slug":"ulm","status":"publish","type":"product","link":"https:\/\/www.alltpaettkort.com\/en\/product\/ulm\/","title":{"rendered":"Ulm"},"content":{"rendered":"<p><strong>Ulm at its heyday.<\/strong>\u00a0The construction of the Ulm Minster has not yet been completed, but the city is already wealthy and prestigious. Players try to expand their spheres of influence and to make optimal use of the hustle and bustle on the market place around the cathedral.<\/p>\n<ul>\n<li>A strategy game suitable for families<\/li>\n<li>Innovative moving mechanism<\/li>\n<li>Box and rules in German,\u00a0English and French<\/li>\n<\/ul>\n<p><strong>F\u00f6r 2-4 spelare<\/strong><br \/>\n<strong>45-75\u00a0min speltid<\/strong><br \/>\n<strong>Rekommenderad \u00e5lder: 10 <\/strong><br \/>\n<strong><a href=\"https:\/\/boardgamegeek.com\/boardgame\/191876\/ulm\" target=\"_blank\" rel=\"noopener\">L\u00e4s mer p\u00e5 Boardgamegeek<\/a><\/strong><\/p>","protected":false},"excerpt":{"rendered":"<p>Den m\u00e4ktiga katedralen i Ulm \u00e4r under uppbyggnad och\u00a0spelarna g\u00f6r sitt b\u00e4sta f\u00f6r att passa p\u00e5 att \u00f6ka sitt inflytande i\u00a0stadens sus och dus!<\/p>","protected":false},"featured_media":33580,"template":"","meta":[],"product_brand":[],"product_cat":[29,17],"product_tag":[55],"class_list":{"0":"post-33579","1":"product","2":"type-product","3":"status-publish","4":"has-post-thumbnail","6":"product_cat-eurospel","7":"product_cat-strategispel","8":"product_tag-pegasus-spiele","10":"first","11":"outofstock","12":"taxable","13":"shipping-taxable","14":"purchasable","15":"product-type-simple"},"_links":{"self":[{"href":"https:\/\/www.alltpaettkort.com\/en\/wp-json\/wp\/v2\/product\/33579","targetHints":{"allow":["GET"]}}],"collection":[{"href":"https:\/\/www.alltpaettkort.com\/en\/wp-json\/wp\/v2\/product"}],"about":[{"href":"https:\/\/www.alltpaettkort.com\/en\/wp-json\/wp\/v2\/types\/product"}],"wp:featuredmedia":[{"embeddable":true,"href":"https:\/\/www.alltpaettkort.com\/en\/wp-json\/wp\/v2\/media\/33580"}],"wp:attachment":[{"href":"https:\/\/www.alltpaettkort.com\/en\/wp-json\/wp\/v2\/media?parent=33579"}],"wp:term":[{"taxonomy":"product_brand","embeddable":true,"href":"https:\/\/www.alltpaettkort.com\/en\/wp-json\/wp\/v2\/product_brand?post=33579"},{"taxonomy":"product_cat","embeddable":true,"href":"https:\/\/www.alltpaettkort.com\/en\/wp-json\/wp\/v2\/product_cat?post=33579"},{"taxonomy":"product_tag","embeddable":true,"href":"https:\/\/www.alltpaettkort.com\/en\/wp-json\/wp\/v2\/product_tag?post=33579"}],"curies":[{"name":"wp","href":"https:\/\/api.w.org\/{rel}","templated":true}]}}