{"id":33666,"date":"2017-02-27T13:42:52","date_gmt":"2017-02-27T13:42:52","guid":{"rendered":"https:\/\/www.alltpaettkort.com\/produkt\/the-networks\/"},"modified":"2022-01-13T08:33:51","modified_gmt":"2022-01-13T08:33:51","slug":"the-networks","status":"publish","type":"product","link":"https:\/\/www.alltpaettkort.com\/en\/product\/the-networks\/","title":{"rendered":"The Networks"},"content":{"rendered":"<p>In\u00a0<em>The Networks<\/em>, you and your opponents are new television networks, and you need new programming. For this, you\u2019ll need Shows, Stars, and Ads.<\/p>\n<p>Shows need Stars and Ads. Stars give you bonus viewers (points), and Ads give you extra money. You\u2019ll need everything you can get; you&#8217;ll have a small amount of resources and time, and you must grab the latest hot show before your opponents.<\/p>\n<p>And some Stars will give their best effort only if you put them on in the proper conditions. For example, some Stars only want to be put on dramas. Other Stars want to be the only Star on the show. And your Ads will give you the most money only if you put them on in the correct time slot.<\/p>\n<p>Finally, Shows age and viewers lose interest, so you have to keep your line-up fresh by canceling shows and sending them into reruns. Fortunately, you can get viewers from your reruns, and you&#8217;ll get bonuses if you get a lot of shows of the same genre throughout the game.<\/p>\n<p>If you need a special push, Network Cards can give you special powers \u2014 but will a Network Card be better than another action? You&#8217;ll have to make that call.<\/p>\n<p>The player with the most viewers after five seasons wins!<\/p>\n<p><strong>F\u00f6r 1-5 spelare<\/strong><br \/>\n<strong>60-90 min speltid<\/strong><br \/>\n<strong>Rekommenderad \u00e5lder: 13 <\/strong><br \/>\n<strong><a href=\"https:\/\/boardgamegeek.com\/boardgame\/72321\/networks\" target=\"_blank\" rel=\"noopener noreferrer\">L\u00e4s mer p\u00e5 Boardgamegeek<\/a><\/strong><\/p>\n<p>Se Man Vs. Meeples finfina recension av spelet h\u00e4r nedan!<br \/>\n<iframe src=\"https:\/\/www.youtube.com\/embed\/vfGB7bU7ly8\" width=\"560\" height=\"315\" frameborder=\"0\" allowfullscreen=\"allowfullscreen\"><\/iframe><\/p>","protected":false},"excerpt":{"rendered":"<p>Dundercharmigt och hyllat strategispel om att driva en egen tv-station! Balansera tittarsiffor, heta program, lukrativa reklamdeals och stj\u00e4rnstatus\u00a0efter b\u00e4sta f\u00f6rm\u00e5ga!<\/p>","protected":false},"featured_media":33667,"template":"","meta":[],"product_brand":[],"product_cat":[17],"product_tag":[408],"class_list":{"0":"post-33666","1":"product","2":"type-product","3":"status-publish","4":"has-post-thumbnail","6":"product_cat-strategispel","7":"product_tag-formal-ferret-games","9":"first","10":"outofstock","11":"taxable","12":"shipping-taxable","13":"purchasable","14":"product-type-simple"},"_links":{"self":[{"href":"https:\/\/www.alltpaettkort.com\/en\/wp-json\/wp\/v2\/product\/33666","targetHints":{"allow":["GET"]}}],"collection":[{"href":"https:\/\/www.alltpaettkort.com\/en\/wp-json\/wp\/v2\/product"}],"about":[{"href":"https:\/\/www.alltpaettkort.com\/en\/wp-json\/wp\/v2\/types\/product"}],"wp:featuredmedia":[{"embeddable":true,"href":"https:\/\/www.alltpaettkort.com\/en\/wp-json\/wp\/v2\/media\/33667"}],"wp:attachment":[{"href":"https:\/\/www.alltpaettkort.com\/en\/wp-json\/wp\/v2\/media?parent=33666"}],"wp:term":[{"taxonomy":"product_brand","embeddable":true,"href":"https:\/\/www.alltpaettkort.com\/en\/wp-json\/wp\/v2\/product_brand?post=33666"},{"taxonomy":"product_cat","embeddable":true,"href":"https:\/\/www.alltpaettkort.com\/en\/wp-json\/wp\/v2\/product_cat?post=33666"},{"taxonomy":"product_tag","embeddable":true,"href":"https:\/\/www.alltpaettkort.com\/en\/wp-json\/wp\/v2\/product_tag?post=33666"}],"curies":[{"name":"wp","href":"https:\/\/api.w.org\/{rel}","templated":true}]}}