{"id":33696,"date":"2017-01-04T06:51:17","date_gmt":"2017-01-04T06:51:17","guid":{"rendered":"https:\/\/www.alltpaettkort.com\/produkt\/unlock\/"},"modified":"2022-01-13T08:33:52","modified_gmt":"2022-01-13T08:33:52","slug":"unlock","status":"publish","type":"product","link":"https:\/\/www.alltpaettkort.com\/en\/product\/unlock\/","title":{"rendered":"Unlock!"},"content":{"rendered":"<p><em>Unlock!<\/em>\u00a0is a cooperative card game inspired by escape rooms that uses a simple system which allows you to search scenes, combine objects, and solve riddles. Play\u00a0<em>Unlock!<\/em>\u00a0to embark on great adventures, while seated at a table using only cards and a companion app that can provide clues, check codes, monitor time remaining, etc.<\/p>\n<p><em>Unlock! Escape Adventures<\/em>\u00a0includes three separate scenarios for you to explore:<\/p>\n<ul>\n<li>In\u00a0<em>The Formula<\/em>, you enter a secret laboratory to recover a mysterious serum that has been developed by a scientist. Will you solve all the riddles and get out in less than an hour?<\/li>\n<li>In\u00a0<em>Squeek &amp; Sausage<\/em>, you need to thwart the plans of the despicable Professor Noside!<\/li>\n<li>In\u00a0<em>The Island of Doctor Goorse<\/em>, you must visit the island of an eccentric antique collector billionaire and overcome its traps!<\/li>\n<\/ul>\n<p>An included ten-card tutorial allows you to learn how to play without reading the game rules.<\/p>\n<p>Note:\u00a0<em>Unlock!<\/em>\u00a0requires a free application to be downloaded from the App Store or Google Play. Once downloaded, an internet connection is not required during game play.<\/p>\n<p><strong>F\u00f6r 2-6 spelare<\/strong><br \/>\n<strong>45-75\u00a0min speltid<\/strong><br \/>\n<strong>Rekommenderad \u00e5lder: 10 <\/strong><br \/>\n<strong><a href=\"https:\/\/boardgamegeek.com\/boardgame\/213460\/unlock\" target=\"_blank\" rel=\"noopener\">L\u00e4s mer p\u00e5 Boardgamegeek<\/a><\/strong><\/p>","protected":false},"excerpt":{"rendered":"<p>Inspirerat av kluriga Escape Rooms bjuder Unlock! p\u00e5 tre riktigt utmanande och pulsh\u00f6jande scenarios f\u00f6r spelarna att ta sig igenom!<\/p>","protected":false},"featured_media":33697,"template":"","meta":[],"product_brand":[],"product_cat":[34,38,30],"product_tag":[332,410],"class_list":{"0":"post-33696","1":"product","2":"type-product","3":"status-publish","4":"has-post-thumbnail","6":"product_cat-aventyrsspel","7":"product_cat-partyspel","8":"product_cat-sallskapsspel","9":"product_tag-space-cowboys","10":"product_tag-unlock","12":"first","13":"outofstock","14":"taxable","15":"shipping-taxable","16":"purchasable","17":"product-type-simple"},"_links":{"self":[{"href":"https:\/\/www.alltpaettkort.com\/en\/wp-json\/wp\/v2\/product\/33696","targetHints":{"allow":["GET"]}}],"collection":[{"href":"https:\/\/www.alltpaettkort.com\/en\/wp-json\/wp\/v2\/product"}],"about":[{"href":"https:\/\/www.alltpaettkort.com\/en\/wp-json\/wp\/v2\/types\/product"}],"wp:featuredmedia":[{"embeddable":true,"href":"https:\/\/www.alltpaettkort.com\/en\/wp-json\/wp\/v2\/media\/33697"}],"wp:attachment":[{"href":"https:\/\/www.alltpaettkort.com\/en\/wp-json\/wp\/v2\/media?parent=33696"}],"wp:term":[{"taxonomy":"product_brand","embeddable":true,"href":"https:\/\/www.alltpaettkort.com\/en\/wp-json\/wp\/v2\/product_brand?post=33696"},{"taxonomy":"product_cat","embeddable":true,"href":"https:\/\/www.alltpaettkort.com\/en\/wp-json\/wp\/v2\/product_cat?post=33696"},{"taxonomy":"product_tag","embeddable":true,"href":"https:\/\/www.alltpaettkort.com\/en\/wp-json\/wp\/v2\/product_tag?post=33696"}],"curies":[{"name":"wp","href":"https:\/\/api.w.org\/{rel}","templated":true}]}}