{"id":33745,"date":"2017-01-10T20:35:48","date_gmt":"2017-01-10T20:35:48","guid":{"rendered":"https:\/\/www.alltpaettkort.com\/produkt\/watson-holmes\/"},"modified":"2022-01-13T08:33:53","modified_gmt":"2022-01-13T08:33:53","slug":"watson-holmes","status":"publish","type":"product","link":"https:\/\/www.alltpaettkort.com\/en\/product\/watson-holmes\/","title":{"rendered":"Watson &#038; Holmes"},"content":{"rendered":"<p>Race to find the truth in the mysterious world of\u00a0<i>Watson &amp; Holmes<\/i>, a game of deduction and intrigue for two to seven players. Each aspiring detective will work alongside Sherlock Holmes in order to solve a series of mysterious cases. By visiting locations, speaking with witnesses, and deciphering clues, you will come to your own conclusions about the investigation, independent of your fellow detectives. Once you believe you have all the facts, you must present your findings to the brilliant Holmes and the good Dr. Watson. Answering every question correctly will lead you to victory, though one misstep and you will be forced to retire from the case, leaving the remaining investigators to accurately interpret the clues before it\u2019s too late.<\/p>\n<p><strong>F\u00f6r 2-7 spelare<\/strong><br \/>\n<strong>45-75\u00a0min speltid<\/strong><br \/>\n<strong>Rekommenderad \u00e5lder: 12 <\/strong><br \/>\n<strong><a href=\"https:\/\/boardgamegeek.com\/boardgame\/182694\/watson-holmes-diaries-221b\" target=\"_blank\" rel=\"noopener\">L\u00e4s mer p\u00e5 Boardgamegeek<\/a><\/strong><\/p>","protected":false},"excerpt":{"rendered":"<p>Fantastiskt st\u00e4mningsfullt detektivspel d\u00e4r spelarna f\u00f6rs\u00f6ker \u00f6vergl\u00e4nsa varandra i listighet! Ett m\u00e5ste f\u00f6r alla som uppskattar det genommysiga Sherlock Holmes: Consulting Detective och vill spela ett mer\u00a0kompetitivt spel!<\/p>","protected":false},"featured_media":33746,"template":"","meta":[],"product_brand":[],"product_cat":[34,17],"product_tag":[332],"class_list":{"0":"post-33745","1":"product","2":"type-product","3":"status-publish","4":"has-post-thumbnail","6":"product_cat-aventyrsspel","7":"product_cat-strategispel","8":"product_tag-space-cowboys","10":"first","11":"outofstock","12":"taxable","13":"shipping-taxable","14":"purchasable","15":"product-type-simple"},"_links":{"self":[{"href":"https:\/\/www.alltpaettkort.com\/en\/wp-json\/wp\/v2\/product\/33745","targetHints":{"allow":["GET"]}}],"collection":[{"href":"https:\/\/www.alltpaettkort.com\/en\/wp-json\/wp\/v2\/product"}],"about":[{"href":"https:\/\/www.alltpaettkort.com\/en\/wp-json\/wp\/v2\/types\/product"}],"wp:featuredmedia":[{"embeddable":true,"href":"https:\/\/www.alltpaettkort.com\/en\/wp-json\/wp\/v2\/media\/33746"}],"wp:attachment":[{"href":"https:\/\/www.alltpaettkort.com\/en\/wp-json\/wp\/v2\/media?parent=33745"}],"wp:term":[{"taxonomy":"product_brand","embeddable":true,"href":"https:\/\/www.alltpaettkort.com\/en\/wp-json\/wp\/v2\/product_brand?post=33745"},{"taxonomy":"product_cat","embeddable":true,"href":"https:\/\/www.alltpaettkort.com\/en\/wp-json\/wp\/v2\/product_cat?post=33745"},{"taxonomy":"product_tag","embeddable":true,"href":"https:\/\/www.alltpaettkort.com\/en\/wp-json\/wp\/v2\/product_tag?post=33745"}],"curies":[{"name":"wp","href":"https:\/\/api.w.org\/{rel}","templated":true}]}}