{"id":33805,"date":"2019-01-20T12:35:53","date_gmt":"2019-01-20T12:35:53","guid":{"rendered":"https:\/\/www.alltpaettkort.com\/produkt\/diamant\/"},"modified":"2022-01-13T08:33:55","modified_gmt":"2022-01-13T08:33:55","slug":"diamant","status":"publish","type":"product","link":"https:\/\/www.alltpaettkort.com\/en\/product\/diamant\/","title":{"rendered":"Diamant"},"content":{"rendered":"<p>Diamant is a quick, fun game of push-your-luck. Players venture down mine shafts by turning up cards from a deck, sharing the gems they find on the way down. Before the next card is turned up, you have the chance to leave the mine and stash your finds, including any gems you get on the way out.<\/p>\n<p>Why would you leave? Because the deck also contains hazards: scorpions, snakes, poison gases, explosions and rockfalls. When a duplicate hazard turns up (such as a second scorpion), anyone left in the shaft has to flee for safety and loses all the gems they got this turn. The trick is, the more players that leave, the bigger your share in the next card will be.<\/p>\n<p><strong>F\u00f6r 3-9 spelare<\/strong><br \/>\n<strong>20 min speltid<\/strong><br \/>\n<strong>Rekommenderad \u00e5lder: 8 <\/strong><br \/>\n<strong><a href=\"https:\/\/boardgamegeek.com\/boardgame\/37759\/incan-gold\" target=\"_blank\" rel=\"noopener\">L\u00e4s mer p\u00e5 Boardgamegeek<\/a><\/strong><\/p>","protected":false},"excerpt":{"rendered":"<p>Underbart push your luck-spel om att v\u00e5ga sig djupare och djupare ner i den minst sagt f\u00f6rr\u00e4diska\u00a0grottan p\u00e5 jakt efter juveler! V\u00e5gar du forts\u00e4tta ensam och ro hem storkovan, eller blir det det sista steg du tar? Nordisk utg\u00e5va med svenska regler<\/p>","protected":false},"featured_media":33806,"template":"","meta":[],"product_brand":[],"product_cat":[34,69,31,30],"product_tag":[40],"class_list":{"0":"post-33805","1":"product","2":"type-product","3":"status-publish","4":"has-post-thumbnail","6":"product_cat-aventyrsspel","7":"product_cat-barnspel","8":"product_cat-familjespel","9":"product_cat-sallskapsspel","10":"product_tag-iello","12":"first","13":"outofstock","14":"taxable","15":"shipping-taxable","16":"purchasable","17":"product-type-simple"},"_links":{"self":[{"href":"https:\/\/www.alltpaettkort.com\/en\/wp-json\/wp\/v2\/product\/33805","targetHints":{"allow":["GET"]}}],"collection":[{"href":"https:\/\/www.alltpaettkort.com\/en\/wp-json\/wp\/v2\/product"}],"about":[{"href":"https:\/\/www.alltpaettkort.com\/en\/wp-json\/wp\/v2\/types\/product"}],"wp:featuredmedia":[{"embeddable":true,"href":"https:\/\/www.alltpaettkort.com\/en\/wp-json\/wp\/v2\/media\/33806"}],"wp:attachment":[{"href":"https:\/\/www.alltpaettkort.com\/en\/wp-json\/wp\/v2\/media?parent=33805"}],"wp:term":[{"taxonomy":"product_brand","embeddable":true,"href":"https:\/\/www.alltpaettkort.com\/en\/wp-json\/wp\/v2\/product_brand?post=33805"},{"taxonomy":"product_cat","embeddable":true,"href":"https:\/\/www.alltpaettkort.com\/en\/wp-json\/wp\/v2\/product_cat?post=33805"},{"taxonomy":"product_tag","embeddable":true,"href":"https:\/\/www.alltpaettkort.com\/en\/wp-json\/wp\/v2\/product_tag?post=33805"}],"curies":[{"name":"wp","href":"https:\/\/api.w.org\/{rel}","templated":true}]}}