{"id":33932,"date":"2017-04-04T10:20:34","date_gmt":"2017-04-04T10:20:34","guid":{"rendered":"https:\/\/www.alltpaettkort.com\/produkt\/king-of-tokyonew-york-monster-pack-cthulhu\/"},"modified":"2022-01-13T08:33:58","modified_gmt":"2022-01-13T08:33:58","slug":"king-of-tokyonew-york-monster-pack-cthulhu","status":"publish","type":"product","link":"https:\/\/www.alltpaettkort.com\/en\/product\/king-of-tokyonew-york-monster-pack-cthulhu\/","title":{"rendered":"King of Tokyo\/New York: Monster Pack \u2013 Cthulhu"},"content":{"rendered":"<p>The\u00a0<em>Monster Pack \u2013 Cthulhu<\/em>\u00a0includes a new monster \u2014 Cthulhu, in case you couldn&#8217;t guess \u2014 as well as eight evolution cards for use with\u00a0<em>King of Tokyo<\/em>\u00a0and eight evolution cards for\u00a0<em>King of New York<\/em>. Fifteen cultist tokens are also included for card effects.<\/p>\n<p><strong><a href=\"https:\/\/boardgamegeek.com\/boardgameexpansion\/207292\/king-tokyonew-york-monster-pack-cthulhu\" target=\"_blank\" rel=\"noopener\">L\u00e4s mer p\u00e5 Boardgamegeek<\/a><\/strong><\/p>","protected":false},"excerpt":{"rendered":"<p>Nu kan du \u00e4ven \u00f6del\u00e4gga Tokyo eller New York som Cthulhu med detta monster pack som inneh\u00e5ller 8 kort var till respektive King of Tokyo och King of New York och 15 kultist-mark\u00f6rer!<\/p>","protected":false},"featured_media":33933,"template":"","meta":[],"product_brand":[],"product_cat":[43],"product_tag":[40,396,41],"class_list":{"0":"post-33932","1":"product","2":"type-product","3":"status-publish","4":"has-post-thumbnail","6":"product_cat-expansion","7":"product_tag-iello","8":"product_tag-king-of-new-york","9":"product_tag-king-of-tokyo","11":"first","12":"outofstock","13":"taxable","14":"shipping-taxable","15":"purchasable","16":"product-type-simple"},"_links":{"self":[{"href":"https:\/\/www.alltpaettkort.com\/en\/wp-json\/wp\/v2\/product\/33932","targetHints":{"allow":["GET"]}}],"collection":[{"href":"https:\/\/www.alltpaettkort.com\/en\/wp-json\/wp\/v2\/product"}],"about":[{"href":"https:\/\/www.alltpaettkort.com\/en\/wp-json\/wp\/v2\/types\/product"}],"wp:featuredmedia":[{"embeddable":true,"href":"https:\/\/www.alltpaettkort.com\/en\/wp-json\/wp\/v2\/media\/33933"}],"wp:attachment":[{"href":"https:\/\/www.alltpaettkort.com\/en\/wp-json\/wp\/v2\/media?parent=33932"}],"wp:term":[{"taxonomy":"product_brand","embeddable":true,"href":"https:\/\/www.alltpaettkort.com\/en\/wp-json\/wp\/v2\/product_brand?post=33932"},{"taxonomy":"product_cat","embeddable":true,"href":"https:\/\/www.alltpaettkort.com\/en\/wp-json\/wp\/v2\/product_cat?post=33932"},{"taxonomy":"product_tag","embeddable":true,"href":"https:\/\/www.alltpaettkort.com\/en\/wp-json\/wp\/v2\/product_tag?post=33932"}],"curies":[{"name":"wp","href":"https:\/\/api.w.org\/{rel}","templated":true}]}}