{"id":34197,"date":"2017-05-18T07:51:30","date_gmt":"2017-05-18T07:51:30","guid":{"rendered":"https:\/\/www.alltpaettkort.com\/produkt\/army-painter-brush-hobby-brush-starter-set\/"},"modified":"2022-01-13T08:34:06","modified_gmt":"2022-01-13T08:34:06","slug":"army-painter-brush-hobby-brush-starter-set","status":"publish","type":"product","link":"https:\/\/www.alltpaettkort.com\/en\/product\/army-painter-brush-hobby-brush-starter-set\/","title":{"rendered":"Army Painter Brush &#8211; Hobby Brush Starter Set"},"content":{"rendered":"<p>All the Starter Sets are excellent value for your money, and this set is no exception. This is the 3 different brush types you need to paint any regular miniatures and covers the 3 basic techniques: Basecoating, detailing and drybrushing. As an added bonus the Detail and Standard brush are with the fab\u00falous triangular grip from the popular Wargamer range.<\/p>","protected":false},"excerpt":{"rendered":"<p>Beh\u00e4ndigt pensel-paket med 3 h\u00f6gkvalitativa penslar fr\u00e5n suver\u00e4na\u00a0Army Painter med sk\u00f6nt triangul\u00e4rt grepp!<\/p>","protected":false},"featured_media":34198,"template":"","meta":[],"product_brand":[],"product_cat":[103],"product_tag":[221],"class_list":{"0":"post-34197","1":"product","2":"type-product","3":"status-publish","4":"has-post-thumbnail","6":"product_cat-tillbehor","7":"product_tag-figurmaleri","9":"first","10":"outofstock","11":"taxable","12":"shipping-taxable","13":"purchasable","14":"product-type-simple"},"_links":{"self":[{"href":"https:\/\/www.alltpaettkort.com\/en\/wp-json\/wp\/v2\/product\/34197","targetHints":{"allow":["GET"]}}],"collection":[{"href":"https:\/\/www.alltpaettkort.com\/en\/wp-json\/wp\/v2\/product"}],"about":[{"href":"https:\/\/www.alltpaettkort.com\/en\/wp-json\/wp\/v2\/types\/product"}],"wp:featuredmedia":[{"embeddable":true,"href":"https:\/\/www.alltpaettkort.com\/en\/wp-json\/wp\/v2\/media\/34198"}],"wp:attachment":[{"href":"https:\/\/www.alltpaettkort.com\/en\/wp-json\/wp\/v2\/media?parent=34197"}],"wp:term":[{"taxonomy":"product_brand","embeddable":true,"href":"https:\/\/www.alltpaettkort.com\/en\/wp-json\/wp\/v2\/product_brand?post=34197"},{"taxonomy":"product_cat","embeddable":true,"href":"https:\/\/www.alltpaettkort.com\/en\/wp-json\/wp\/v2\/product_cat?post=34197"},{"taxonomy":"product_tag","embeddable":true,"href":"https:\/\/www.alltpaettkort.com\/en\/wp-json\/wp\/v2\/product_tag?post=34197"}],"curies":[{"name":"wp","href":"https:\/\/api.w.org\/{rel}","templated":true}]}}