{"id":34230,"date":"2017-05-22T10:57:50","date_gmt":"2017-05-22T10:57:50","guid":{"rendered":"https:\/\/www.alltpaettkort.com\/produkt\/unfair\/"},"modified":"2022-01-13T08:34:08","modified_gmt":"2022-01-13T08:34:08","slug":"unfair","status":"publish","type":"product","link":"https:\/\/www.alltpaettkort.com\/en\/product\/unfair\/","title":{"rendered":"Unfair"},"content":{"rendered":"<p>Build the city\u2019s greatest theme park, whatever it takes!<\/p>\n<p>Mix your favourite themes, from Pirate, Robot, Vampire, Jungle, Ninja, and Gangster. Build attractions and upgrade them to match blueprints, stack up towering rides, or simply make the most cash.<\/p>\n<p>But watch out &#8211; your competitors may pay off the safety inspectors to close your rides or hire hooligans to vandalise your park! How will you get revenge?<\/p>\n<p>Whatever happens, it\u2019s bound to be Unfair.<\/p>\n<p><strong>F\u00f6r 2-5 spelare<\/strong><br \/>\n<strong>50-120\u00a0min speltid<\/strong><br \/>\n<strong>Rekommenderad \u00e5lder: 14 <\/strong><br \/>\n<strong><a href=\"https:\/\/boardgamegeek.com\/boardgame\/179172\/unfair\" target=\"_blank\" rel=\"noopener\">L\u00e4s mer p\u00e5 Boardgamegeek<\/a><\/strong><\/p>","protected":false},"excerpt":{"rendered":"<p>Bygg den fr\u00e4sigaste\u00a0n\u00f6jesparken n\u00e5gonsin i detta sv\u00e5remotst\u00e5ndliga\u00a0n\u00f6jesparksimularot-spel och s\u00e4tt v\u00e4lf\u00f6rtj\u00e4nta k\u00e4ppar i hjulet f\u00f6r dina konkurrenter!<\/p>","protected":false},"featured_media":34231,"template":"","meta":[],"product_brand":[],"product_cat":[30,17],"product_tag":[283],"class_list":{"0":"post-34230","1":"product","2":"type-product","3":"status-publish","4":"has-post-thumbnail","6":"product_cat-sallskapsspel","7":"product_cat-strategispel","8":"product_tag-coolminiornot","10":"first","11":"outofstock","12":"taxable","13":"shipping-taxable","14":"purchasable","15":"product-type-simple"},"_links":{"self":[{"href":"https:\/\/www.alltpaettkort.com\/en\/wp-json\/wp\/v2\/product\/34230","targetHints":{"allow":["GET"]}}],"collection":[{"href":"https:\/\/www.alltpaettkort.com\/en\/wp-json\/wp\/v2\/product"}],"about":[{"href":"https:\/\/www.alltpaettkort.com\/en\/wp-json\/wp\/v2\/types\/product"}],"wp:featuredmedia":[{"embeddable":true,"href":"https:\/\/www.alltpaettkort.com\/en\/wp-json\/wp\/v2\/media\/34231"}],"wp:attachment":[{"href":"https:\/\/www.alltpaettkort.com\/en\/wp-json\/wp\/v2\/media?parent=34230"}],"wp:term":[{"taxonomy":"product_brand","embeddable":true,"href":"https:\/\/www.alltpaettkort.com\/en\/wp-json\/wp\/v2\/product_brand?post=34230"},{"taxonomy":"product_cat","embeddable":true,"href":"https:\/\/www.alltpaettkort.com\/en\/wp-json\/wp\/v2\/product_cat?post=34230"},{"taxonomy":"product_tag","embeddable":true,"href":"https:\/\/www.alltpaettkort.com\/en\/wp-json\/wp\/v2\/product_tag?post=34230"}],"curies":[{"name":"wp","href":"https:\/\/api.w.org\/{rel}","templated":true}]}}