{"id":34343,"date":"2017-11-07T10:33:11","date_gmt":"2017-11-07T10:33:11","guid":{"rendered":"https:\/\/www.alltpaettkort.com\/produkt\/charterstone\/"},"modified":"2022-01-13T08:34:15","modified_gmt":"2022-01-13T08:34:15","slug":"charterstone","status":"publish","type":"product","link":"https:\/\/www.alltpaettkort.com\/en\/product\/charterstone\/","title":{"rendered":"Charterstone"},"content":{"rendered":"<p>The prosperous Kingdom of Greengully, ruled for centuries by the Forever King, has issued a decree to its citizens to colonize the vast lands beyond its borders. In an effort to start a new village, the Forever King has selected 6 citizens for the task, each of whom has a unique set of skills they use to build their charter.<\/p>\n<p>In Charterstone, a competitive legacy game, you construct buildings and populate a shared village. Building stickers are permanently added to the game board and become action spaces for any player to use. Thus, you start off with simple choices and few workers, but soon you have a bustling village with dozens of possible actions.<\/p>\n<p>Your journey through Charterstone\u2019s many secrets will last 12 games, but it doesn\u2019t end there. Your completed village will be a one-of-a-kind worker-placement game with plenty of variability.<\/p>\n<p><strong>F\u00f6r 1-6 spelare<\/strong><br \/>\n<strong>45-75\u00a0min speltid<\/strong><br \/>\n<strong>Rekommenderad \u00e5lder: 10 <\/strong><br \/>\n<strong><a href=\"https:\/\/boardgamegeek.com\/boardgame\/197376\/charterstone\" target=\"_blank\" rel=\"noopener\">L\u00e4s mer p\u00e5 Boardgamegeek<\/a><\/strong><\/p>\n<p>&nbsp;<\/p>","protected":false},"excerpt":{"rendered":"<p>Ett f\u00f6rtjusande och f\u00f6r\u00e4nderligt spel fr\u00e5n Stonemaier Games med m\u00e5nga \u00f6verraskningar, om att\u00a0tillsammans bygga upp en by!<\/p>","protected":false},"featured_media":0,"template":"","meta":[],"product_brand":[],"product_cat":[17],"product_tag":[419,263],"class_list":{"0":"post-34343","1":"product","2":"type-product","3":"status-publish","5":"product_cat-strategispel","6":"product_tag-charterstone","7":"product_tag-stonemaier-games","9":"first","10":"outofstock","11":"taxable","12":"shipping-taxable","13":"purchasable","14":"product-type-simple"},"_links":{"self":[{"href":"https:\/\/www.alltpaettkort.com\/en\/wp-json\/wp\/v2\/product\/34343","targetHints":{"allow":["GET"]}}],"collection":[{"href":"https:\/\/www.alltpaettkort.com\/en\/wp-json\/wp\/v2\/product"}],"about":[{"href":"https:\/\/www.alltpaettkort.com\/en\/wp-json\/wp\/v2\/types\/product"}],"wp:attachment":[{"href":"https:\/\/www.alltpaettkort.com\/en\/wp-json\/wp\/v2\/media?parent=34343"}],"wp:term":[{"taxonomy":"product_brand","embeddable":true,"href":"https:\/\/www.alltpaettkort.com\/en\/wp-json\/wp\/v2\/product_brand?post=34343"},{"taxonomy":"product_cat","embeddable":true,"href":"https:\/\/www.alltpaettkort.com\/en\/wp-json\/wp\/v2\/product_cat?post=34343"},{"taxonomy":"product_tag","embeddable":true,"href":"https:\/\/www.alltpaettkort.com\/en\/wp-json\/wp\/v2\/product_tag?post=34343"}],"curies":[{"name":"wp","href":"https:\/\/api.w.org\/{rel}","templated":true}]}}