{"id":34354,"date":"2018-01-20T13:17:26","date_gmt":"2018-01-20T13:17:26","guid":{"rendered":"https:\/\/www.alltpaettkort.com\/produkt\/kingdomino\/"},"modified":"2023-07-08T21:24:08","modified_gmt":"2023-07-08T21:24:08","slug":"kingdomino","status":"publish","type":"product","link":"https:\/\/www.alltpaettkort.com\/en\/product\/kingdomino\/","title":{"rendered":"Kingdomino"},"content":{"rendered":"<p>In <em><strong>Kingdomino<\/strong><\/em>, you are a Lord seeking new lands in which to expand your kingdom. You must explore all the lands, wheat fields, lakes, and mountains in order to spot the best plots. But be careful as some other Lords also covet these lands&#8230;<\/p>\n<p><strong>F\u00f6r 2-4 spelare<\/strong><br \/>\n<strong>15-20\u00a0min speltid<\/strong><br \/>\n<strong>Rekommenderad \u00e5lder: 8 <\/strong><br \/>\n<strong><a href=\"https:\/\/boardgamegeek.com\/boardgame\/204583\/kingdomino\" target=\"_blank\" rel=\"noopener noreferrer\">L\u00e4s mer p\u00e5 Boardgamegeek<\/a><\/strong><\/p>","protected":false},"excerpt":{"rendered":"<p>Helcharmigt och finurligt familjespel fr\u00e5n Bruno Cathala som knep \u00e5rets Spiel des Jahres! Nordisk utg\u00e5va med svenska regler.<\/p>","protected":false},"featured_media":34355,"template":"","meta":[],"product_brand":[],"product_cat":[69,31,30],"product_tag":[97],"class_list":{"0":"post-34354","1":"product","2":"type-product","3":"status-publish","4":"has-post-thumbnail","6":"product_cat-barnspel","7":"product_cat-familjespel","8":"product_cat-sallskapsspel","9":"product_tag-lautapelit","11":"first","12":"outofstock","13":"taxable","14":"shipping-taxable","15":"purchasable","16":"product-type-simple"},"_links":{"self":[{"href":"https:\/\/www.alltpaettkort.com\/en\/wp-json\/wp\/v2\/product\/34354","targetHints":{"allow":["GET"]}}],"collection":[{"href":"https:\/\/www.alltpaettkort.com\/en\/wp-json\/wp\/v2\/product"}],"about":[{"href":"https:\/\/www.alltpaettkort.com\/en\/wp-json\/wp\/v2\/types\/product"}],"wp:featuredmedia":[{"embeddable":true,"href":"https:\/\/www.alltpaettkort.com\/en\/wp-json\/wp\/v2\/media\/34355"}],"wp:attachment":[{"href":"https:\/\/www.alltpaettkort.com\/en\/wp-json\/wp\/v2\/media?parent=34354"}],"wp:term":[{"taxonomy":"product_brand","embeddable":true,"href":"https:\/\/www.alltpaettkort.com\/en\/wp-json\/wp\/v2\/product_brand?post=34354"},{"taxonomy":"product_cat","embeddable":true,"href":"https:\/\/www.alltpaettkort.com\/en\/wp-json\/wp\/v2\/product_cat?post=34354"},{"taxonomy":"product_tag","embeddable":true,"href":"https:\/\/www.alltpaettkort.com\/en\/wp-json\/wp\/v2\/product_tag?post=34354"}],"curies":[{"name":"wp","href":"https:\/\/api.w.org\/{rel}","templated":true}]}}