{"id":34356,"date":"2018-02-10T13:58:51","date_gmt":"2018-02-10T13:58:51","guid":{"rendered":"https:\/\/www.alltpaettkort.com\/produkt\/ice-cool\/"},"modified":"2022-01-13T08:34:15","modified_gmt":"2022-01-13T08:34:15","slug":"ice-cool","status":"publish","type":"product","link":"https:\/\/www.alltpaettkort.com\/en\/product\/ice-cool\/","title":{"rendered":"Ice Cool"},"content":{"rendered":"<p><em>The lunch break is almost there and all of the young penguins would finally get the fish they\u2019ve been craving. However, some rascals think they are quick enough to snatch some of the fish before the lunch break starts, but they have forgotten one thing \u2013 the Hall Monitor! Each school day one of the penguins is designated to watch over the school, and this is his moment to shine \u2013 for each rascal penguin he catches he would get additional fish!<\/em><\/p>\n<p><em>A fun run takes place \u2013 the rascals are running everywhere and trying to snatch some fish on their way, but the Hall Monitor is trying to catch each and one of them to have some order in the school. Who will be more successful?<\/em><\/p>\n<p><em><strong>Ice Cool<\/strong><\/em> is a flicking game in which each round one of the players takes the role of the Hall Monitor (also called &#8221;the Catcher&#8221;) \u2013 his aim will be to catch each other penguin and get points for that. The others (also known as &#8221;Runners&#8221;) will try to run through several doors, thus gaining fish (that give them points) on their way. When either the Hall Monitor has caught each other penguin once or any of the others has gone through all 3 doors that have fish on them, the round is over. Each player will take the role of the Hall Monitor once and at the end of the game the winner will be the one with the most points on their fish cards.<\/p>\n<p>The penguins can be flicked in a straight line, make curves and even jump over the walls! Each player will have to use the best of their skills in order to get the most points in this fun and exciting game. It&#8217;s not just cool, it&#8217;s ICE COOL!<\/p>\n<p><strong>F\u00f6r 2-4 spelare<\/strong><br \/>\n<strong>20 min speltid<\/strong><br \/>\n<strong>Rekommenderad \u00e5lder: 6 <\/strong><br \/>\n<strong><a href=\"https:\/\/boardgamegeek.com\/boardgame\/177524\/ice-cool\" target=\"_blank\" rel=\"noopener\">L\u00e4s mer p\u00e5 Boardgamegeek<\/a><\/strong><\/p>","protected":false},"excerpt":{"rendered":"<p>J\u00e4tteh\u00e4rligt barnv\u00e4nligt spel om att kn\u00e4ppa runt pingviner p\u00e5 ivrig jakt efter fisk! Tog hem\u00a02016 \u00e5rs Kinderspiel des Jahres! Nordisk utg\u00e5va med svenska regler.<\/p>","protected":false},"featured_media":34357,"template":"","meta":[],"product_brand":[],"product_cat":[69,31],"product_tag":[],"class_list":{"0":"post-34356","1":"product","2":"type-product","3":"status-publish","4":"has-post-thumbnail","6":"product_cat-barnspel","7":"product_cat-familjespel","9":"first","10":"outofstock","11":"taxable","12":"shipping-taxable","13":"purchasable","14":"product-type-simple"},"_links":{"self":[{"href":"https:\/\/www.alltpaettkort.com\/en\/wp-json\/wp\/v2\/product\/34356","targetHints":{"allow":["GET"]}}],"collection":[{"href":"https:\/\/www.alltpaettkort.com\/en\/wp-json\/wp\/v2\/product"}],"about":[{"href":"https:\/\/www.alltpaettkort.com\/en\/wp-json\/wp\/v2\/types\/product"}],"wp:featuredmedia":[{"embeddable":true,"href":"https:\/\/www.alltpaettkort.com\/en\/wp-json\/wp\/v2\/media\/34357"}],"wp:attachment":[{"href":"https:\/\/www.alltpaettkort.com\/en\/wp-json\/wp\/v2\/media?parent=34356"}],"wp:term":[{"taxonomy":"product_brand","embeddable":true,"href":"https:\/\/www.alltpaettkort.com\/en\/wp-json\/wp\/v2\/product_brand?post=34356"},{"taxonomy":"product_cat","embeddable":true,"href":"https:\/\/www.alltpaettkort.com\/en\/wp-json\/wp\/v2\/product_cat?post=34356"},{"taxonomy":"product_tag","embeddable":true,"href":"https:\/\/www.alltpaettkort.com\/en\/wp-json\/wp\/v2\/product_tag?post=34356"}],"curies":[{"name":"wp","href":"https:\/\/api.w.org\/{rel}","templated":true}]}}