{"id":34422,"date":"2017-10-16T15:54:07","date_gmt":"2017-10-16T15:54:07","guid":{"rendered":"https:\/\/www.alltpaettkort.com\/produkt\/legend-of-the-five-rings-the-card-game\/"},"modified":"2022-01-13T08:34:18","modified_gmt":"2022-01-13T08:34:18","slug":"legend-of-the-five-rings-the-card-game","status":"publish","type":"product","link":"https:\/\/www.alltpaettkort.com\/en\/product\/legend-of-the-five-rings-the-card-game\/","title":{"rendered":"Legend of the Five Rings: The Card Game (demoex)"},"content":{"rendered":"<p><em>Welcome to the realm of Rokugan: a land of samurai and mystics, mad dragons and divine beings \u2014 a land where honor is stronger than steel. Here, the clans serve the Emperor and engage in courtly deceptions and power plays, even as they wage war against each other and the evil forces that plague their realm. This is the world of Legend of the Five Rings!<\/em><\/p>\n<p><em><strong>Legend of the Five Rings: The Card Game<\/strong><\/em> is a Living Card Game set in the world of Rokugan, the original setting for the <em>Legend of the Five Rings<\/em> collectible card game. To play a Living Card Game, players create individual decks of cards from a base game with a fixed set of cards; they can then add supplemental card packs to this game world, with each pack also having a fixed set of cards, in order to vary their game experience.<\/p>\n<p>While the connection of <em>Legend of the Five Rings: The Card Game<\/em> to Rokugan and the Colonies \u2014 as well as its pervasive themes of honor, nobility, magic, intrigue, duty, and warfare \u2014 should carry over from the original <em>L5R<\/em> CCG, <em>Legend of the Five Rings: The Card Game<\/em> is not compatible with that original game and will feature significant changes in the game mechanisms.<\/p>\n<p><strong>F\u00f6r 2 spelare<\/strong><br \/>\n<strong>45-90 min speltid<\/strong><br \/>\n<strong>Rekommenderad \u00e5lder: 14 <\/strong><br \/>\n<strong><a href=\"https:\/\/boardgamegeek.com\/boardgame\/184151\/legend-five-rings-card-game\" target=\"_blank\" rel=\"noopener\">L\u00e4s mer p\u00e5 Boardgamegeek<\/a><\/strong><\/p>","protected":false},"excerpt":{"rendered":"<p>Fantasy Flight har tagit det m\u00e4ktiga kortspelet Legend of the Five Rings under sina vingar och lagt grunden f\u00f6r\u00a0en riktigt sp\u00e4nnande nystart! <strong>OBS. Spelet har anv\u00e4nds som demoex men \u00e4r komplett och i gott skick<\/strong><\/p>","protected":false},"featured_media":34423,"template":"","meta":[],"product_brand":[],"product_cat":[63],"product_tag":[18,423],"class_list":{"0":"post-34422","1":"product","2":"type-product","3":"status-publish","4":"has-post-thumbnail","6":"product_cat-kortspel","7":"product_tag-fantasy-flight-games","8":"product_tag-legend-of-the-five-rings","10":"first","11":"outofstock","12":"taxable","13":"shipping-taxable","14":"purchasable","15":"product-type-simple"},"_links":{"self":[{"href":"https:\/\/www.alltpaettkort.com\/en\/wp-json\/wp\/v2\/product\/34422","targetHints":{"allow":["GET"]}}],"collection":[{"href":"https:\/\/www.alltpaettkort.com\/en\/wp-json\/wp\/v2\/product"}],"about":[{"href":"https:\/\/www.alltpaettkort.com\/en\/wp-json\/wp\/v2\/types\/product"}],"wp:featuredmedia":[{"embeddable":true,"href":"https:\/\/www.alltpaettkort.com\/en\/wp-json\/wp\/v2\/media\/34423"}],"wp:attachment":[{"href":"https:\/\/www.alltpaettkort.com\/en\/wp-json\/wp\/v2\/media?parent=34422"}],"wp:term":[{"taxonomy":"product_brand","embeddable":true,"href":"https:\/\/www.alltpaettkort.com\/en\/wp-json\/wp\/v2\/product_brand?post=34422"},{"taxonomy":"product_cat","embeddable":true,"href":"https:\/\/www.alltpaettkort.com\/en\/wp-json\/wp\/v2\/product_cat?post=34422"},{"taxonomy":"product_tag","embeddable":true,"href":"https:\/\/www.alltpaettkort.com\/en\/wp-json\/wp\/v2\/product_tag?post=34422"}],"curies":[{"name":"wp","href":"https:\/\/api.w.org\/{rel}","templated":true}]}}