{"id":34456,"date":"2017-04-19T08:28:40","date_gmt":"2017-04-19T08:28:40","guid":{"rendered":"https:\/\/www.alltpaettkort.com\/produkt\/dark-souls-the-board-game\/"},"modified":"2022-01-13T08:34:19","modified_gmt":"2022-01-13T08:34:19","slug":"dark-souls-the-board-game","status":"publish","type":"product","link":"https:\/\/www.alltpaettkort.com\/en\/product\/dark-souls-the-board-game\/","title":{"rendered":"Dark Souls: The Board Game"},"content":{"rendered":"<p>The Dark Souls board game is a brutally hard exploration miniatures game for 1-4 players. Prepare to die.<\/p>\n<p>The game features a &#8221;fast set-up, long reveal&#8221; mechanism that gets you into the game quickly and builds the location as you explore. The sense of danger is palpable as you discover new locations and the monsters that inhabit these dark places. The core combat mechanism and enemy behavior system forces deep strategic play and clever management of stamina to survive.<\/p>\n<p>Dark Souls includes numerous boss and mini-boss encounters \u2014 including one against the Dragon Slayer Ornstein and Executioner Smough \u2014 and utilizes an innovative behavior mechanism so that no two encounters are ever the same, thus giving the game near infinite replayability.<\/p>\n<p><strong>F\u00f6r 1-4 spelare<\/strong><br \/>\n<strong>90-120 min speltid<\/strong><br \/>\n<strong>Rekommenderad \u00e5lder: 14 <\/strong><br \/>\n<strong><a href=\"https:\/\/static1.squarespace.com\/static\/56728f72a128e6b1e548ec55\/t\/58ebed0b15d5db2d9d8ac36c\/1491856693806\/DS-Core-Rules-lores.pdf\" target=\"_blank\" rel=\"noopener\">Spelets regler<\/a><\/strong><br \/>\n<strong><a href=\"https:\/\/boardgamegeek.com\/boardgame\/197831\/dark-souls-board-game\" target=\"_blank\" rel=\"noopener\">L\u00e4s mer p\u00e5 Boardgamegeek<\/a><\/strong><\/p>","protected":false},"excerpt":{"rendered":"<p>Det brutala Dark Souls i en m\u00e4ktig och p\u00e5kostad br\u00e4dspelsskepnad som fullkomligen dryper av blodisande st\u00e4mning!<\/p>","protected":false},"featured_media":34457,"template":"","meta":[],"product_brand":[],"product_cat":[16,34],"product_tag":[424],"class_list":{"0":"post-34456","1":"product","2":"type-product","3":"status-publish","4":"has-post-thumbnail","6":"product_cat-ameritrash","7":"product_cat-aventyrsspel","8":"product_tag-steamforged-games","10":"first","11":"outofstock","12":"taxable","13":"shipping-taxable","14":"purchasable","15":"product-type-simple"},"_links":{"self":[{"href":"https:\/\/www.alltpaettkort.com\/en\/wp-json\/wp\/v2\/product\/34456","targetHints":{"allow":["GET"]}}],"collection":[{"href":"https:\/\/www.alltpaettkort.com\/en\/wp-json\/wp\/v2\/product"}],"about":[{"href":"https:\/\/www.alltpaettkort.com\/en\/wp-json\/wp\/v2\/types\/product"}],"wp:featuredmedia":[{"embeddable":true,"href":"https:\/\/www.alltpaettkort.com\/en\/wp-json\/wp\/v2\/media\/34457"}],"wp:attachment":[{"href":"https:\/\/www.alltpaettkort.com\/en\/wp-json\/wp\/v2\/media?parent=34456"}],"wp:term":[{"taxonomy":"product_brand","embeddable":true,"href":"https:\/\/www.alltpaettkort.com\/en\/wp-json\/wp\/v2\/product_brand?post=34456"},{"taxonomy":"product_cat","embeddable":true,"href":"https:\/\/www.alltpaettkort.com\/en\/wp-json\/wp\/v2\/product_cat?post=34456"},{"taxonomy":"product_tag","embeddable":true,"href":"https:\/\/www.alltpaettkort.com\/en\/wp-json\/wp\/v2\/product_tag?post=34456"}],"curies":[{"name":"wp","href":"https:\/\/api.w.org\/{rel}","templated":true}]}}