{"id":34473,"date":"2017-07-10T08:17:21","date_gmt":"2017-07-10T08:17:21","guid":{"rendered":"https:\/\/www.alltpaettkort.com\/produkt\/fields-of-green\/"},"modified":"2022-01-13T08:34:19","modified_gmt":"2022-01-13T08:34:19","slug":"fields-of-green","status":"publish","type":"product","link":"https:\/\/www.alltpaettkort.com\/en\/product\/fields-of-green\/","title":{"rendered":"Fields of Green"},"content":{"rendered":"<p>Fields of Green takes place in the second half of the 20th century. Players take the role of farm owners trying to expand their property and business. By adding fields, livestock and facilities, they build an economic engine that will bring them closer to victory.<\/p>\n<p>Fields of Green, inspired by Among the Stars, is played over four rounds (years) during which players draft cards and add them to their ever-expanding farms. At the end of each year comes the harvest season when they must water their fields, feed their livestock, and pay maintenance costs in order to receive valuable resources that will allow them to further expand in the next year.<\/p>\n<p>Through various means, player eventually convert their wealth to victory points, and the player who gathers the most by the end of the fourth year wins.<\/p>\n<p><strong>F\u00f6r 2-4 spelare<\/strong><br \/>\n<strong>45\u00a0min speltid<\/strong><br \/>\n<strong>Rekommenderad \u00e5lder: 12 <\/strong><br \/>\n<strong><a href=\"http:\/\/www.artipiagames.com\/files\/FoG\/fields_of_green_rulebook.pdf\" target=\"_blank\" rel=\"noopener\">Spelets regler<\/a><\/strong><br \/>\n<strong><a href=\"https:\/\/boardgamegeek.com\/boardgame\/200954\/fields-green\" target=\"_blank\" rel=\"noopener\">L\u00e4s mer p\u00e5 Boardgamegeek<\/a><\/strong><\/p>","protected":false},"excerpt":{"rendered":"<p>Riktigt h\u00e4rligt jordbruksspel som bygger p\u00e5 det omtyckta spelsystemet fr\u00e5n Among the Stars!<\/p>","protected":false},"featured_media":34474,"template":"","meta":[],"product_brand":[],"product_cat":[29,17],"product_tag":[219],"class_list":{"0":"post-34473","1":"product","2":"type-product","3":"status-publish","4":"has-post-thumbnail","6":"product_cat-eurospel","7":"product_cat-strategispel","8":"product_tag-artipia-games","10":"first","11":"outofstock","12":"taxable","13":"shipping-taxable","14":"purchasable","15":"product-type-simple"},"_links":{"self":[{"href":"https:\/\/www.alltpaettkort.com\/en\/wp-json\/wp\/v2\/product\/34473","targetHints":{"allow":["GET"]}}],"collection":[{"href":"https:\/\/www.alltpaettkort.com\/en\/wp-json\/wp\/v2\/product"}],"about":[{"href":"https:\/\/www.alltpaettkort.com\/en\/wp-json\/wp\/v2\/types\/product"}],"wp:featuredmedia":[{"embeddable":true,"href":"https:\/\/www.alltpaettkort.com\/en\/wp-json\/wp\/v2\/media\/34474"}],"wp:attachment":[{"href":"https:\/\/www.alltpaettkort.com\/en\/wp-json\/wp\/v2\/media?parent=34473"}],"wp:term":[{"taxonomy":"product_brand","embeddable":true,"href":"https:\/\/www.alltpaettkort.com\/en\/wp-json\/wp\/v2\/product_brand?post=34473"},{"taxonomy":"product_cat","embeddable":true,"href":"https:\/\/www.alltpaettkort.com\/en\/wp-json\/wp\/v2\/product_cat?post=34473"},{"taxonomy":"product_tag","embeddable":true,"href":"https:\/\/www.alltpaettkort.com\/en\/wp-json\/wp\/v2\/product_tag?post=34473"}],"curies":[{"name":"wp","href":"https:\/\/api.w.org\/{rel}","templated":true}]}}