{"id":34610,"date":"2020-09-07T10:31:38","date_gmt":"2020-09-07T10:31:38","guid":{"rendered":"https:\/\/www.alltpaettkort.com\/produkt\/dice-forge\/"},"modified":"2022-01-13T08:34:25","modified_gmt":"2022-01-13T08:34:25","slug":"dice-forge","status":"publish","type":"product","link":"https:\/\/www.alltpaettkort.com\/en\/product\/dice-forge\/","title":{"rendered":"Dice Forge"},"content":{"rendered":"<p>Heroes, stand ready! The gods are offering a seat in heaven to whichever hero defeats their rivals. Your courage and wits will be your most precious allies as you use divine dice to gather resources along the road to victory.<\/p>\n<p>Your divine dice are exceptional, with removable faces! Customize your dice to make them more powerful as the game progresses. Sacrifice gold to the gods to obtain enhanced die faces. Upgrade your dice to produce the resources you need. Overcome ordeals concocted by the gods to grow in glory and earn rewards. Skillfully manage the luck of the dice and take charge of your destiny. Only the greatest will ascend to the heavens!<\/p>\n<p>Dice Forge is a development game featuring innovative mechanics based on dice with removable faces. In this dice crafting game, players build their own dice. Roll your dice, manage your resources, complete ordeals before your opponents and explore multiple winning strategies.<\/p>\n<p>Now you control the luck of the dice!<\/p>\n<p><strong>F\u00f6r 2-4 spelare<\/strong><br \/>\n<strong>40 min speltid<\/strong><br \/>\n<strong>Rekommenderad \u00e5lder: 10 <\/strong><br \/>\n<strong><a href=\"https:\/\/boardgamegeek.com\/boardgame\/194594\/dice-forge\" target=\"_blank\" rel=\"noopener noreferrer\">L\u00e4s mer p\u00e5 Boardgamegeek<\/a><\/strong><\/p>","protected":false},"excerpt":{"rendered":"<p>Skapa dina egna t\u00e4rningar\u00a0i denna\u00a0unika t\u00e4rningsfest till spel!\u00a0Sikta p\u00e5 att ta en plats bredvid gudarna med\u00a0smart resurshantering och genom rulla och f\u00f6rb\u00e4ttra dina t\u00e4rningar!<\/p>","protected":false},"featured_media":34611,"template":"","meta":[],"product_brand":[],"product_cat":[17],"product_tag":[425,426],"class_list":{"0":"post-34610","1":"product","2":"type-product","3":"status-publish","4":"has-post-thumbnail","6":"product_cat-strategispel","7":"product_tag-asterion-press","8":"product_tag-dice-forge","10":"first","11":"outofstock","12":"taxable","13":"shipping-taxable","14":"purchasable","15":"product-type-simple"},"_links":{"self":[{"href":"https:\/\/www.alltpaettkort.com\/en\/wp-json\/wp\/v2\/product\/34610","targetHints":{"allow":["GET"]}}],"collection":[{"href":"https:\/\/www.alltpaettkort.com\/en\/wp-json\/wp\/v2\/product"}],"about":[{"href":"https:\/\/www.alltpaettkort.com\/en\/wp-json\/wp\/v2\/types\/product"}],"wp:featuredmedia":[{"embeddable":true,"href":"https:\/\/www.alltpaettkort.com\/en\/wp-json\/wp\/v2\/media\/34611"}],"wp:attachment":[{"href":"https:\/\/www.alltpaettkort.com\/en\/wp-json\/wp\/v2\/media?parent=34610"}],"wp:term":[{"taxonomy":"product_brand","embeddable":true,"href":"https:\/\/www.alltpaettkort.com\/en\/wp-json\/wp\/v2\/product_brand?post=34610"},{"taxonomy":"product_cat","embeddable":true,"href":"https:\/\/www.alltpaettkort.com\/en\/wp-json\/wp\/v2\/product_cat?post=34610"},{"taxonomy":"product_tag","embeddable":true,"href":"https:\/\/www.alltpaettkort.com\/en\/wp-json\/wp\/v2\/product_tag?post=34610"}],"curies":[{"name":"wp","href":"https:\/\/api.w.org\/{rel}","templated":true}]}}