{"id":34628,"date":"2017-07-17T13:41:50","date_gmt":"2017-07-17T13:41:50","guid":{"rendered":"https:\/\/www.alltpaettkort.com\/produkt\/five-tribes-whims-of-the-sultan\/"},"modified":"2022-01-13T08:34:26","modified_gmt":"2022-01-13T08:34:26","slug":"five-tribes-whims-of-the-sultan","status":"publish","type":"product","link":"https:\/\/www.alltpaettkort.com\/en\/product\/five-tribes-whims-of-the-sultan\/","title":{"rendered":"Five Tribes: Whims of the Sultan"},"content":{"rendered":"<p><em>The Sultanate of Naqala continues to flourish, and the new Sultan has founded five fabulous cities to take advantage of this time of prosperity \u2014 but these cities have attracted more competitors than grains of sand in the desert and the fate of the Sultanate will once again lie in the hand of the five tribes and the powerful Djinns.<\/em><\/p>\n<p><em><strong>Five Tribes: Whims of the Sultan<\/strong><\/em> contains all the components needed to play five-player games of <em>Five Tribes<\/em> and introduces new fabulous cities tiles. Visiting these cities gives players opportunities to win glory as they fulfill excessive requests from the Sultan by completing &#8221;Whim of the Sultan&#8221; cards. Fierce competition is to be expected, as controlling these tiles can be a major contributor to a player&#8217;s final score.<\/p>\n<p><a href=\"https:\/\/boardgamegeek.com\/boardgameexpansion\/226828\/five-tribes-whims-sultan\" target=\"_blank\" rel=\"noopener\"><strong>L\u00e4s mer p\u00e5 Boardgamegeek<\/strong><\/a><\/p>","protected":false},"excerpt":{"rendered":"<p>Expansion till det uts\u00f6kta Five Tribes med nya sp\u00e4nnande st\u00e4der och st\u00f6d f\u00f6r upp till 5 spelare!<\/p>","protected":false},"featured_media":34629,"template":"","meta":[],"product_brand":[],"product_cat":[43],"product_tag":[27,294],"class_list":{"0":"post-34628","1":"product","2":"type-product","3":"status-publish","4":"has-post-thumbnail","6":"product_cat-expansion","7":"product_tag-days-of-wonder","8":"product_tag-five-tribes","10":"first","11":"outofstock","12":"taxable","13":"shipping-taxable","14":"purchasable","15":"product-type-simple"},"_links":{"self":[{"href":"https:\/\/www.alltpaettkort.com\/en\/wp-json\/wp\/v2\/product\/34628","targetHints":{"allow":["GET"]}}],"collection":[{"href":"https:\/\/www.alltpaettkort.com\/en\/wp-json\/wp\/v2\/product"}],"about":[{"href":"https:\/\/www.alltpaettkort.com\/en\/wp-json\/wp\/v2\/types\/product"}],"wp:featuredmedia":[{"embeddable":true,"href":"https:\/\/www.alltpaettkort.com\/en\/wp-json\/wp\/v2\/media\/34629"}],"wp:attachment":[{"href":"https:\/\/www.alltpaettkort.com\/en\/wp-json\/wp\/v2\/media?parent=34628"}],"wp:term":[{"taxonomy":"product_brand","embeddable":true,"href":"https:\/\/www.alltpaettkort.com\/en\/wp-json\/wp\/v2\/product_brand?post=34628"},{"taxonomy":"product_cat","embeddable":true,"href":"https:\/\/www.alltpaettkort.com\/en\/wp-json\/wp\/v2\/product_cat?post=34628"},{"taxonomy":"product_tag","embeddable":true,"href":"https:\/\/www.alltpaettkort.com\/en\/wp-json\/wp\/v2\/product_tag?post=34628"}],"curies":[{"name":"wp","href":"https:\/\/api.w.org\/{rel}","templated":true}]}}