{"id":34770,"date":"2019-01-08T13:21:45","date_gmt":"2019-01-08T13:21:45","guid":{"rendered":"https:\/\/www.alltpaettkort.com\/produkt\/spirit-island\/"},"modified":"2022-12-22T12:38:00","modified_gmt":"2022-12-22T12:38:00","slug":"spirit-island","status":"publish","type":"product","link":"https:\/\/www.alltpaettkort.com\/en\/product\/spirit-island\/","title":{"rendered":"Spirit Island"},"content":{"rendered":"<p><strong><em>Spirit Island<\/em><\/strong>\u00a0is a cooperative, settler-destruction strategy game for 1 to 4 players designed by R. Eric Reuss and set in an alternate-history world around A.D. 1700. Players are different spirits of the land, each with their own unique elemental powers, forced to defend their island home from colonizing Invaders spreading blight and destruction. Work with your fellow spirits and the native islanders to increase your power and drive the invading colonists from your island in this strategic area-control game.<\/p>\n<p><strong>F\u00f6r 1-4 spelare<\/strong><br \/>\n<strong>90-120 min speltid<\/strong><br \/>\n<strong>Rekommenderad \u00e5lder: 13 <\/strong><br \/>\n<strong><a href=\"https:\/\/boardgamegeek.com\/boardgame\/162886\/spirit-island\" target=\"_blank\" rel=\"noopener\">L\u00e4s mer p\u00e5 Boardgamegeek<\/a><\/strong><\/p>","protected":false},"excerpt":{"rendered":"<p>Spirit Island \u00e4r en riktigt frisk fl\u00e4kt i samarbetsgenren! H\u00e4r tar spelarna roller som olika andar som tillsammans ska f\u00f6rsvara ert hem fr\u00e5n destruktiva kolonisat\u00f6rer!<\/p>","protected":false},"featured_media":34771,"template":"","meta":[],"product_brand":[],"product_cat":[17],"product_tag":[165,430],"class_list":{"0":"post-34770","1":"product","2":"type-product","3":"status-publish","4":"has-post-thumbnail","6":"product_cat-strategispel","7":"product_tag-greater-than-games","8":"product_tag-spirit-island","10":"first","11":"outofstock","12":"taxable","13":"shipping-taxable","14":"purchasable","15":"product-type-simple"},"_links":{"self":[{"href":"https:\/\/www.alltpaettkort.com\/en\/wp-json\/wp\/v2\/product\/34770","targetHints":{"allow":["GET"]}}],"collection":[{"href":"https:\/\/www.alltpaettkort.com\/en\/wp-json\/wp\/v2\/product"}],"about":[{"href":"https:\/\/www.alltpaettkort.com\/en\/wp-json\/wp\/v2\/types\/product"}],"wp:featuredmedia":[{"embeddable":true,"href":"https:\/\/www.alltpaettkort.com\/en\/wp-json\/wp\/v2\/media\/34771"}],"wp:attachment":[{"href":"https:\/\/www.alltpaettkort.com\/en\/wp-json\/wp\/v2\/media?parent=34770"}],"wp:term":[{"taxonomy":"product_brand","embeddable":true,"href":"https:\/\/www.alltpaettkort.com\/en\/wp-json\/wp\/v2\/product_brand?post=34770"},{"taxonomy":"product_cat","embeddable":true,"href":"https:\/\/www.alltpaettkort.com\/en\/wp-json\/wp\/v2\/product_cat?post=34770"},{"taxonomy":"product_tag","embeddable":true,"href":"https:\/\/www.alltpaettkort.com\/en\/wp-json\/wp\/v2\/product_tag?post=34770"}],"curies":[{"name":"wp","href":"https:\/\/api.w.org\/{rel}","templated":true}]}}