{"id":34772,"date":"2017-08-09T13:26:40","date_gmt":"2017-08-09T13:26:40","guid":{"rendered":"https:\/\/www.alltpaettkort.com\/produkt\/legendary-x-men\/"},"modified":"2022-01-13T08:34:32","modified_gmt":"2022-01-13T08:34:32","slug":"legendary-x-men","status":"publish","type":"product","link":"https:\/\/www.alltpaettkort.com\/en\/product\/legendary-x-men\/","title":{"rendered":"Legendary: X-Men"},"content":{"rendered":"<p>The 13th expansion to the Legendary: A Marvel Deck Building Game puts the spotlight squarely on the X-Men. This set will bring to the game many of the X-Men characters that have been overlooked since the inception of the Legendary game.<\/p>\n<p>This big box expansion has X-Men\u2019s biggest heroes, including Psylocke and Banshee, battling their greatest foes. Even Beast makes a return as an all new X-Men team affiliated Hero!<\/p>\n<p>This will be the biggest Legendary expansion to date with 394 cards of new Heroes, Masterminds, Villains, and Schemes straight from the X-Men comics!<\/p>\n<p><a href=\"https:\/\/boardgamegeek.com\/boardgameexpansion\/223362\/legendary-x-men\" target=\"_blank\" rel=\"noopener\"><strong>L\u00e4s mer p\u00e5 Boardgamegeek<\/strong><\/a><\/p>","protected":false},"excerpt":{"rendered":"<p>Den st\u00f6rsta expansionen hittills till Marvel Legendary\u00a0med mastiga 394 kort med nya hj\u00e4ltar, skurkar, hantlangare och l\u00f6mska planer fr\u00e5n serierna om X-Men!<\/p>","protected":false},"featured_media":34773,"template":"","meta":[],"product_brand":[],"product_cat":[43],"product_tag":[199,278],"class_list":{"0":"post-34772","1":"product","2":"type-product","3":"status-publish","4":"has-post-thumbnail","6":"product_cat-expansion","7":"product_tag-legendary","8":"product_tag-marvel","10":"first","11":"outofstock","12":"taxable","13":"shipping-taxable","14":"purchasable","15":"product-type-simple"},"_links":{"self":[{"href":"https:\/\/www.alltpaettkort.com\/en\/wp-json\/wp\/v2\/product\/34772","targetHints":{"allow":["GET"]}}],"collection":[{"href":"https:\/\/www.alltpaettkort.com\/en\/wp-json\/wp\/v2\/product"}],"about":[{"href":"https:\/\/www.alltpaettkort.com\/en\/wp-json\/wp\/v2\/types\/product"}],"wp:featuredmedia":[{"embeddable":true,"href":"https:\/\/www.alltpaettkort.com\/en\/wp-json\/wp\/v2\/media\/34773"}],"wp:attachment":[{"href":"https:\/\/www.alltpaettkort.com\/en\/wp-json\/wp\/v2\/media?parent=34772"}],"wp:term":[{"taxonomy":"product_brand","embeddable":true,"href":"https:\/\/www.alltpaettkort.com\/en\/wp-json\/wp\/v2\/product_brand?post=34772"},{"taxonomy":"product_cat","embeddable":true,"href":"https:\/\/www.alltpaettkort.com\/en\/wp-json\/wp\/v2\/product_cat?post=34772"},{"taxonomy":"product_tag","embeddable":true,"href":"https:\/\/www.alltpaettkort.com\/en\/wp-json\/wp\/v2\/product_tag?post=34772"}],"curies":[{"name":"wp","href":"https:\/\/api.w.org\/{rel}","templated":true}]}}