{"id":34785,"date":"2021-01-20T08:16:20","date_gmt":"2021-01-20T08:16:20","guid":{"rendered":"https:\/\/www.alltpaettkort.com\/produkt\/twilight-imperium-fourth-edition\/"},"modified":"2022-01-13T08:34:32","modified_gmt":"2022-01-13T08:34:32","slug":"twilight-imperium-fourth-edition","status":"publish","type":"product","link":"https:\/\/www.alltpaettkort.com\/en\/product\/twilight-imperium-fourth-edition\/","title":{"rendered":"Twilight Imperium (Fourth Edition)"},"content":{"rendered":"<p>For two decades, <em>Twilight Imperium <\/em>has thrilled gamers with its grand storytelling and tactical strategy. Now players can explore the next step in the <em>Twilight Imperium<\/em>\u00a0Legacy with <em>Twilight Imperium Fourth Edition<\/em>, an epic game of galactic conquest for three to six players.<\/p>\n<p>Each player takes command of one of seventeen unique civilizations to compete for interstellar supremacy through warfare, trade, uncertain allegiances, and political dominance. Every faction offers a completely different play experience, from the wormhole-hopping Ghosts of Creuss to the Emiratates of Hacan, the masters of trade. All of these races have many paths to victory, but only one will sit upon the throne of Mecatol Rex as the new masters of the galaxy.<\/p>\n<p><strong>F\u00f6r 3-6 spelare<\/strong><br \/>\n<strong>4-8\u00a0timmars speltid<\/strong><br \/>\n<strong>Rekommenderad \u00e5lder: 14 <\/strong><br \/>\n<strong><a href=\"https:\/\/boardgamegeek.com\/boardgame\/233078\/twilight-imperium-fourth-edition\" target=\"_blank\" rel=\"noopener noreferrer\">L\u00e4s mer p\u00e5 Boardgamegeek<\/a><\/strong><\/p>\n<p>Se teasern till Shut Up &amp; Sit Downs f\u00f6rmodade underbara dokument\u00e4r till spelet h\u00e4r nedan!<\/p>","protected":false},"excerpt":{"rendered":"<p>Twilight Imperium \u00e4r ett makal\u00f6st episkt strategispel till bredden fullt med storslagna strider, utforskande, l\u00f6msk diplomati och nagelbitande dramatik! OBS. Fri frakt!<\/p>","protected":false},"featured_media":34786,"template":"","meta":[],"product_brand":[],"product_cat":[16,22,17],"product_tag":[18,19,381,68],"class_list":{"0":"post-34785","1":"product","2":"type-product","3":"status-publish","4":"has-post-thumbnail","6":"product_cat-ameritrash","7":"product_cat-krigsspel","8":"product_cat-strategispel","9":"product_tag-fantasy-flight-games","10":"product_tag-sci-fi","11":"product_tag-scifispeltips","12":"product_tag-twilight-imperium","14":"first","15":"outofstock","16":"taxable","17":"shipping-taxable","18":"purchasable","19":"product-type-simple"},"_links":{"self":[{"href":"https:\/\/www.alltpaettkort.com\/en\/wp-json\/wp\/v2\/product\/34785","targetHints":{"allow":["GET"]}}],"collection":[{"href":"https:\/\/www.alltpaettkort.com\/en\/wp-json\/wp\/v2\/product"}],"about":[{"href":"https:\/\/www.alltpaettkort.com\/en\/wp-json\/wp\/v2\/types\/product"}],"wp:featuredmedia":[{"embeddable":true,"href":"https:\/\/www.alltpaettkort.com\/en\/wp-json\/wp\/v2\/media\/34786"}],"wp:attachment":[{"href":"https:\/\/www.alltpaettkort.com\/en\/wp-json\/wp\/v2\/media?parent=34785"}],"wp:term":[{"taxonomy":"product_brand","embeddable":true,"href":"https:\/\/www.alltpaettkort.com\/en\/wp-json\/wp\/v2\/product_brand?post=34785"},{"taxonomy":"product_cat","embeddable":true,"href":"https:\/\/www.alltpaettkort.com\/en\/wp-json\/wp\/v2\/product_cat?post=34785"},{"taxonomy":"product_tag","embeddable":true,"href":"https:\/\/www.alltpaettkort.com\/en\/wp-json\/wp\/v2\/product_tag?post=34785"}],"curies":[{"name":"wp","href":"https:\/\/api.w.org\/{rel}","templated":true}]}}