{"id":34811,"date":"2019-02-15T16:52:46","date_gmt":"2019-02-15T16:52:46","guid":{"rendered":"https:\/\/www.alltpaettkort.com\/produkt\/magic-maze\/"},"modified":"2022-01-13T08:34:33","modified_gmt":"2022-01-13T08:34:33","slug":"magic-maze","status":"publish","type":"product","link":"https:\/\/www.alltpaettkort.com\/en\/product\/magic-maze\/","title":{"rendered":"Magic Maze"},"content":{"rendered":"<p><em>After being stripped of all their possessions, a mage, a warrior, an elf, and a dwarf are forced to go rob the local Magic Maze shopping mall for all the equipment necessary for their next adventure. They agree to map out the labyrinth in its entirety first, then find each individual\u2019s favorite store, and then locate the exit. In order to evade the surveillance of the guards who eyed their arrival suspiciously, all four will pull off their heists simultaneously, then dash to the exit. That&#8217;s the plan anyway\u2026but can they pull it off?<\/em><\/p>\n<p><em><strong>Magic Maze<\/strong><\/em> is a real-time, cooperative game. Each player can control any hero in order to make that hero perform a very specific action, to which the other players do not have access: Move north, explore a new area, ride an escalator\u2026 All this requires rigorous cooperation between the players in order to succeed at moving the heroes prudently. However, you are allowed to communicate only for short periods during the game; the rest of the time, you must play without giving any visual or audio cues to each other. If all of the heroes succeed in leaving the shopping mall in the limited time allotted for the game, each having stolen a very specific item, then everyone wins together.<\/p>\n<p>At the start of the game, you have only three minutes in which to take actions. Hourglass spaces you encounter along the way give you more time. If the sand timer ever completely runs out, all players lose the game: Your loitering has aroused suspicion, and the mall security guards nab you!<\/p>\n<p><strong>F\u00f6r 1-8 spelare<\/strong><br \/>\n<strong>3-15\u00a0min speltid<\/strong><br \/>\n<strong>Rekommenderad \u00e5lder: 8 <\/strong><br \/>\n<strong><a href=\"https:\/\/boardgamegeek.com\/boardgame\/209778\/magic-maze\" target=\"_blank\" rel=\"noopener\">L\u00e4s mer p\u00e5 Boardgamegeek<\/a><\/strong><\/p>","protected":false},"excerpt":{"rendered":"<p>Fartfylld\u00a0och kul samarbetsvariant av en grottkravlare p\u00e5 tid, som bland annat knep en nominering till 2017 \u00e5rs Spiel des Jahres! Nordisk utg\u00e5va med svenska regler<\/p>","protected":false},"featured_media":34812,"template":"","meta":[],"product_brand":[],"product_cat":[34,31,30],"product_tag":[431,432],"class_list":{"0":"post-34811","1":"product","2":"type-product","3":"status-publish","4":"has-post-thumbnail","6":"product_cat-aventyrsspel","7":"product_cat-familjespel","8":"product_cat-sallskapsspel","9":"product_tag-magic-maze","10":"product_tag-sit-down","12":"first","13":"outofstock","14":"taxable","15":"shipping-taxable","16":"purchasable","17":"product-type-simple"},"_links":{"self":[{"href":"https:\/\/www.alltpaettkort.com\/en\/wp-json\/wp\/v2\/product\/34811","targetHints":{"allow":["GET"]}}],"collection":[{"href":"https:\/\/www.alltpaettkort.com\/en\/wp-json\/wp\/v2\/product"}],"about":[{"href":"https:\/\/www.alltpaettkort.com\/en\/wp-json\/wp\/v2\/types\/product"}],"wp:featuredmedia":[{"embeddable":true,"href":"https:\/\/www.alltpaettkort.com\/en\/wp-json\/wp\/v2\/media\/34812"}],"wp:attachment":[{"href":"https:\/\/www.alltpaettkort.com\/en\/wp-json\/wp\/v2\/media?parent=34811"}],"wp:term":[{"taxonomy":"product_brand","embeddable":true,"href":"https:\/\/www.alltpaettkort.com\/en\/wp-json\/wp\/v2\/product_brand?post=34811"},{"taxonomy":"product_cat","embeddable":true,"href":"https:\/\/www.alltpaettkort.com\/en\/wp-json\/wp\/v2\/product_cat?post=34811"},{"taxonomy":"product_tag","embeddable":true,"href":"https:\/\/www.alltpaettkort.com\/en\/wp-json\/wp\/v2\/product_tag?post=34811"}],"curies":[{"name":"wp","href":"https:\/\/api.w.org\/{rel}","templated":true}]}}