{"id":34864,"date":"2017-08-22T16:09:18","date_gmt":"2017-08-22T16:09:18","guid":{"rendered":"https:\/\/www.alltpaettkort.com\/produkt\/codenames-duet\/"},"modified":"2022-01-13T08:34:36","modified_gmt":"2022-01-13T08:34:36","slug":"codenames-duet","status":"publish","type":"product","link":"https:\/\/www.alltpaettkort.com\/en\/product\/codenames-duet\/","title":{"rendered":"Codenames: Duet"},"content":{"rendered":"<p><em><strong>Codenames Duet<\/strong><\/em> keeps the basic elements of <em>Codenames<\/em> \u2014 give one-word clues to try to get someone to identify your agents among those on the table \u2014 but now you&#8217;re working together as a team to find all of your agents. (Why you don&#8217;t already know who your agents are is a question that Congressional investigators will get on your back about later!)<\/p>\n<p>To set up play, lay out 25 word cards in a 5\u00d75 grid. Place a key card in the holder so that each player sees one side of the card. Each player sees a 5\u00d75 grid on the card, with nine of the squares colored green (representing your agents) and one square colored black (representing an assassin). The assassin is in different places on each side of the card, and three of the nine squares on each side are also green on the other side!<\/p>\n<p>Collectively, you need to reveal all fifteen agents \u2014 without revealing either assassin or too many innocent bystanders \u2014 before time runs out in order to win the game. Either player can decide to give a one-word clue to the other player, along with a number. Whoever receives the clue places a finger on a card to identify that agent. If correct, they can attempt to identify another one. If they identify a bystander, then their guessing time ends. If they identify an assassin, you both lose! Unlike regular Codenames, they can keep guessing as long as they keep identifying an agent each time; this is useful for going back to previous clues and finding ones they missed earlier.<\/p>\n<p><strong>F\u00f6r 2-4 spelare<\/strong><br \/>\n<strong>15-30 min speltid<\/strong><br \/>\n<strong>Rekommenderad \u00e5lder: 11 <\/strong><strong><a href=\"http:\/\/cmon.com\/wp-content\/uploads\/2015\/02\/BR-Rulebook-Preview.pdf\" target=\"_blank\" rel=\"noopener\"><br \/>\n<\/a><a href=\"https:\/\/boardgamegeek.com\/boardgame\/224037\/codenames-duet\" target=\"_blank\" rel=\"noopener\">L\u00e4s mer p\u00e5 Boardgamegeek<\/a><\/strong><\/p>","protected":false},"excerpt":{"rendered":"<p>Lysande variant av\u00a0Codenames helt anpassat f\u00f6r samarbete! F\u00f6rs\u00f6k luska ut vart alla agenter g\u00f6mmer sig utan att g\u00e5 bett p\u00e5 l\u00f6nnm\u00f6rdare eller f\u00f6r m\u00e5nga \u00e5sk\u00e5dare!<\/p>","protected":false},"featured_media":34865,"template":"","meta":[],"product_brand":[],"product_cat":[38,30],"product_tag":[136],"class_list":{"0":"post-34864","1":"product","2":"type-product","3":"status-publish","4":"has-post-thumbnail","6":"product_cat-partyspel","7":"product_cat-sallskapsspel","8":"product_tag-czech-games-edition","10":"first","11":"outofstock","12":"taxable","13":"shipping-taxable","14":"purchasable","15":"product-type-simple"},"_links":{"self":[{"href":"https:\/\/www.alltpaettkort.com\/en\/wp-json\/wp\/v2\/product\/34864","targetHints":{"allow":["GET"]}}],"collection":[{"href":"https:\/\/www.alltpaettkort.com\/en\/wp-json\/wp\/v2\/product"}],"about":[{"href":"https:\/\/www.alltpaettkort.com\/en\/wp-json\/wp\/v2\/types\/product"}],"wp:featuredmedia":[{"embeddable":true,"href":"https:\/\/www.alltpaettkort.com\/en\/wp-json\/wp\/v2\/media\/34865"}],"wp:attachment":[{"href":"https:\/\/www.alltpaettkort.com\/en\/wp-json\/wp\/v2\/media?parent=34864"}],"wp:term":[{"taxonomy":"product_brand","embeddable":true,"href":"https:\/\/www.alltpaettkort.com\/en\/wp-json\/wp\/v2\/product_brand?post=34864"},{"taxonomy":"product_cat","embeddable":true,"href":"https:\/\/www.alltpaettkort.com\/en\/wp-json\/wp\/v2\/product_cat?post=34864"},{"taxonomy":"product_tag","embeddable":true,"href":"https:\/\/www.alltpaettkort.com\/en\/wp-json\/wp\/v2\/product_tag?post=34864"}],"curies":[{"name":"wp","href":"https:\/\/api.w.org\/{rel}","templated":true}]}}