{"id":34869,"date":"2017-08-22T16:40:17","date_gmt":"2017-08-22T16:40:17","guid":{"rendered":"https:\/\/www.alltpaettkort.com\/produkt\/exit-the-game-the-pharaohs-tomb\/"},"modified":"2022-01-13T08:34:37","modified_gmt":"2022-01-13T08:34:37","slug":"exit-the-game-the-pharaohs-tomb","status":"publish","type":"product","link":"https:\/\/www.alltpaettkort.com\/en\/product\/exit-the-game-the-pharaohs-tomb\/","title":{"rendered":"Exit: The Game \u2013 The Pharaoh&#8217;s Tomb"},"content":{"rendered":"<p>On an Egyptian holiday, players are visiting the highlight of the entire journey: the stone pyramids! But after rising through the narrow, labyrinthine corridors, they discover that they&#8217;ve lost the rest of the group. After wandering for hours, they end up in a mysterious grave chamber \u2014 and suddenly the stone door closes behind them. The players are caught. On the floor is a sand-covered notebook and an ancient spinning code dial. Will the players escape in time or be forever buried under stone?<\/p>\n<p>In <em><strong>Exit: The Game \u2013 The Pharaoh&#8217;s Tomb<\/strong><\/em>, players must use their team spirit, creativity, and powers of deduction to crack codes, solve puzzles, collect objects, and earn their freedom bit by bit.<\/p>\n<p><strong>F\u00f6r 1-6 spelare<\/strong><br \/>\n<strong>45-90 min speltid<\/strong><br \/>\n<strong>Rekommenderad \u00e5lder: 12 <\/strong><br \/>\n<strong><a href=\"https:\/\/boardgamegeek.com\/boardgame\/203416\/exit-game-pharaohs-tomb\" target=\"_blank\" rel=\"noopener\">L\u00e4s mer p\u00e5 Boardgamegeek<\/a><\/strong><\/p>","protected":false},"excerpt":{"rendered":"<p>Inst\u00e4ngda i en pyramids gravkammare beh\u00f6ver spelarna ta sig ut! Den rafflande Exit-serien har gjort stor succ\u00e9 med sina kniviga \u00e4ventyr fyllda med \u00f6verraskningar, pussel och utmaningar!<\/p>","protected":false},"featured_media":34870,"template":"","meta":[],"product_brand":[],"product_cat":[34,30],"product_tag":[436,387],"class_list":{"0":"post-34869","1":"product","2":"type-product","3":"status-publish","4":"has-post-thumbnail","6":"product_cat-aventyrsspel","7":"product_cat-sallskapsspel","8":"product_tag-exit-the-game","9":"product_tag-kosmos","11":"first","12":"outofstock","13":"taxable","14":"shipping-taxable","15":"purchasable","16":"product-type-simple"},"_links":{"self":[{"href":"https:\/\/www.alltpaettkort.com\/en\/wp-json\/wp\/v2\/product\/34869","targetHints":{"allow":["GET"]}}],"collection":[{"href":"https:\/\/www.alltpaettkort.com\/en\/wp-json\/wp\/v2\/product"}],"about":[{"href":"https:\/\/www.alltpaettkort.com\/en\/wp-json\/wp\/v2\/types\/product"}],"wp:featuredmedia":[{"embeddable":true,"href":"https:\/\/www.alltpaettkort.com\/en\/wp-json\/wp\/v2\/media\/34870"}],"wp:attachment":[{"href":"https:\/\/www.alltpaettkort.com\/en\/wp-json\/wp\/v2\/media?parent=34869"}],"wp:term":[{"taxonomy":"product_brand","embeddable":true,"href":"https:\/\/www.alltpaettkort.com\/en\/wp-json\/wp\/v2\/product_brand?post=34869"},{"taxonomy":"product_cat","embeddable":true,"href":"https:\/\/www.alltpaettkort.com\/en\/wp-json\/wp\/v2\/product_cat?post=34869"},{"taxonomy":"product_tag","embeddable":true,"href":"https:\/\/www.alltpaettkort.com\/en\/wp-json\/wp\/v2\/product_tag?post=34869"}],"curies":[{"name":"wp","href":"https:\/\/api.w.org\/{rel}","templated":true}]}}