{"id":34894,"date":"2017-12-14T11:34:22","date_gmt":"2017-12-14T11:34:22","guid":{"rendered":"https:\/\/www.alltpaettkort.com\/produkt\/sid-meiers-civilization-a-new-dawn\/"},"modified":"2022-01-13T08:34:38","modified_gmt":"2022-01-13T08:34:38","slug":"sid-meiers-civilization-a-new-dawn","status":"publish","type":"product","link":"https:\/\/www.alltpaettkort.com\/en\/product\/sid-meiers-civilization-a-new-dawn\/","title":{"rendered":"Sid Meier&#8217;s Civilization: A New Dawn"},"content":{"rendered":"<p>Rebuild history to your design in Sid Meier&#8217;s Civilization: A New Dawn! This turn-based strategy game, based on the classic video game series, allows players to become some of history&#8217;s most powerful leaders as they compete to become the premier world power. Build, trade, and advance to lead your people to a glory!<\/p>\n<p><strong>F\u00f6r 2-4 spelare<\/strong><br \/>\n<strong>60-120 min speltid<\/strong><br \/>\n<strong>Rekommenderad \u00e5lder: 14 <\/strong><br \/>\n<strong><a href=\"https:\/\/boardgamegeek.com\/boardgame\/233247\/sid-meiers-civilization-new-dawn\" target=\"_blank\" rel=\"noopener\">L\u00e4s mer p\u00e5 Boardgamegeek<\/a><\/strong><\/p>","protected":false},"excerpt":{"rendered":"<p>Nyutvecklat civ-spel fr\u00e5n Fantasy Flight Games baserat p\u00e5 Sid Meiers m\u00e4sterverk! Den h\u00e4r g\u00e5ngen ska\u00a0upplevelsen vara destillerat till 1-2 timmars regerande!<\/p>","protected":false},"featured_media":34895,"template":"","meta":[],"product_brand":[],"product_cat":[17],"product_tag":[18],"class_list":{"0":"post-34894","1":"product","2":"type-product","3":"status-publish","4":"has-post-thumbnail","6":"product_cat-strategispel","7":"product_tag-fantasy-flight-games","9":"first","10":"outofstock","11":"taxable","12":"shipping-taxable","13":"purchasable","14":"product-type-simple"},"_links":{"self":[{"href":"https:\/\/www.alltpaettkort.com\/en\/wp-json\/wp\/v2\/product\/34894","targetHints":{"allow":["GET"]}}],"collection":[{"href":"https:\/\/www.alltpaettkort.com\/en\/wp-json\/wp\/v2\/product"}],"about":[{"href":"https:\/\/www.alltpaettkort.com\/en\/wp-json\/wp\/v2\/types\/product"}],"wp:featuredmedia":[{"embeddable":true,"href":"https:\/\/www.alltpaettkort.com\/en\/wp-json\/wp\/v2\/media\/34895"}],"wp:attachment":[{"href":"https:\/\/www.alltpaettkort.com\/en\/wp-json\/wp\/v2\/media?parent=34894"}],"wp:term":[{"taxonomy":"product_brand","embeddable":true,"href":"https:\/\/www.alltpaettkort.com\/en\/wp-json\/wp\/v2\/product_brand?post=34894"},{"taxonomy":"product_cat","embeddable":true,"href":"https:\/\/www.alltpaettkort.com\/en\/wp-json\/wp\/v2\/product_cat?post=34894"},{"taxonomy":"product_tag","embeddable":true,"href":"https:\/\/www.alltpaettkort.com\/en\/wp-json\/wp\/v2\/product_tag?post=34894"}],"curies":[{"name":"wp","href":"https:\/\/api.w.org\/{rel}","templated":true}]}}