{"id":34898,"date":"2018-01-05T19:47:31","date_gmt":"2018-01-05T19:47:31","guid":{"rendered":"https:\/\/www.alltpaettkort.com\/produkt\/fallout\/"},"modified":"2022-01-13T08:34:39","modified_gmt":"2022-01-13T08:34:39","slug":"fallout","status":"publish","type":"product","link":"https:\/\/www.alltpaettkort.com\/en\/product\/fallout\/","title":{"rendered":"Fallout"},"content":{"rendered":"<p class=\"flavortext\">\u00a0A sprawling wasteland lies before you, wiped out by the centuries-old atomic blasts of The Great War. Beyond a smattering of hills, you can see the charred remains of a society you remember shiny and new. Through the bare foundations creep a collection of mutated critter\u2019s whose origins you can only guess, attaching whoever and whatever crosses their paths. Beneath the overgrown soil, vault-dwelling communities fight to survive on limited resources. It is across these abandoned spaces you must now travel, building a new life atop the crushed glory of a destroyed world.<\/p>\n<p><em>Fallout<\/em>\u00a0is an adventure board game based on the hit video game series by Bethesda Softworks. In the game, one to four survivors will begin at the edge of an undiscovered landscape with one primary objective: to survive. Staying alive, however, is just the beginning. Players must explore the hidden map, fight ferocious enemies and build the skills of their survivor as they attempt to complete challenging quests and balance the feuding factions within the game. To win the game, players must collect influence, thereby\u00a0securing\u00a0their spot in a society struggling to thrive in a world forever changed. Welcome to the Wasteland.<\/p>\n<p><strong>F\u00f6r 1-4 spelare<\/strong><br \/>\n<strong>120-180 min speltid<\/strong><br \/>\n<strong>Rekommenderad \u00e5lder: 14 <\/strong><br \/>\n<strong><a href=\"https:\/\/boardgamegeek.com\/boardgame\/232918\/fallout\" target=\"_blank\" rel=\"noopener\">L\u00e4s mer p\u00e5 Boardgamegeek<\/a><\/strong><\/p>","protected":false},"excerpt":{"rendered":"<p>Fantasy Flight Games s\u00e4tter t\u00e4nderna i Fallout-licensen och vi h\u00e5ller alla tummar vi har att de levererar\u00a0ett riktigt mustigt\u00a0postapokalyptiskt \u00e4ventyr! Oddsen\u00a0ser bra ut!<\/p>","protected":false},"featured_media":34899,"template":"","meta":[],"product_brand":[],"product_cat":[16,34],"product_tag":[437,18],"class_list":{"0":"post-34898","1":"product","2":"type-product","3":"status-publish","4":"has-post-thumbnail","6":"product_cat-ameritrash","7":"product_cat-aventyrsspel","8":"product_tag-fallout","9":"product_tag-fantasy-flight-games","11":"first","12":"outofstock","13":"taxable","14":"shipping-taxable","15":"purchasable","16":"product-type-simple"},"_links":{"self":[{"href":"https:\/\/www.alltpaettkort.com\/en\/wp-json\/wp\/v2\/product\/34898","targetHints":{"allow":["GET"]}}],"collection":[{"href":"https:\/\/www.alltpaettkort.com\/en\/wp-json\/wp\/v2\/product"}],"about":[{"href":"https:\/\/www.alltpaettkort.com\/en\/wp-json\/wp\/v2\/types\/product"}],"wp:featuredmedia":[{"embeddable":true,"href":"https:\/\/www.alltpaettkort.com\/en\/wp-json\/wp\/v2\/media\/34899"}],"wp:attachment":[{"href":"https:\/\/www.alltpaettkort.com\/en\/wp-json\/wp\/v2\/media?parent=34898"}],"wp:term":[{"taxonomy":"product_brand","embeddable":true,"href":"https:\/\/www.alltpaettkort.com\/en\/wp-json\/wp\/v2\/product_brand?post=34898"},{"taxonomy":"product_cat","embeddable":true,"href":"https:\/\/www.alltpaettkort.com\/en\/wp-json\/wp\/v2\/product_cat?post=34898"},{"taxonomy":"product_tag","embeddable":true,"href":"https:\/\/www.alltpaettkort.com\/en\/wp-json\/wp\/v2\/product_tag?post=34898"}],"curies":[{"name":"wp","href":"https:\/\/api.w.org\/{rel}","templated":true}]}}