{"id":35069,"date":"2017-09-04T14:30:48","date_gmt":"2017-09-04T14:30:48","guid":{"rendered":"https:\/\/www.alltpaettkort.com\/produkt\/star-wars-destiny-two-player-game\/"},"modified":"2022-01-13T08:34:44","modified_gmt":"2022-01-13T08:34:44","slug":"star-wars-destiny-two-player-game","status":"publish","type":"product","link":"https:\/\/www.alltpaettkort.com\/en\/product\/star-wars-destiny-two-player-game\/","title":{"rendered":"Star Wars: Destiny &#8211; Two-player Game"},"content":{"rendered":"<p class=\"p1\">Take control of your favorite<em> Star Wars&#x2122;<\/em> characters and decide the fate of the galaxy! Upgrade your heroes and villains with iconic blasters, lightsabers, Force powers, and more. Use premium dice and cards in a fast and furious duel to defeat your foe!\u00a0This product contains all the dice, cards, and tokens needed for two players to start playing <em>Star Wars<\/em>: Destiny!<\/p>\n<p class=\"p1\"><strong>F\u00f6r 2 spelare<\/strong><br \/>\n<strong>30\u00a0min speltid<\/strong><br \/>\n<strong>Rekommenderad \u00e5lder: 10 <\/strong><br \/>\n<strong><a href=\"https:\/\/boardgamegeek.com\/boardgame\/205359\/star-wars-destiny\" target=\"_blank\" rel=\"noopener\">L\u00e4s mer p\u00e5 Boardgamegeek<\/a><\/strong><\/p>\n<p><iframe src=\"https:\/\/www.youtube.com\/embed\/_gK3FXCI1xs\" width=\"560\" height=\"315\" frameborder=\"0\" allowfullscreen=\"allowfullscreen\"><\/iframe><\/p>","protected":false},"excerpt":{"rendered":"<p>Stekhett t\u00e4rningsspel baserat p\u00e5 den d\u00e4ringa galaxen l\u00e5ngt, l\u00e5ngt h\u00e4rifr\u00e5n! Nu finns allt som tv\u00e5 spelare beh\u00f6ver f\u00f6r komma ig\u00e5ng i ett beh\u00e4ndigt sett, som\u00a0inneh\u00e5ller en sk\u00f6n blandning av tidigare sl\u00e4ppta kort och\u00a0helt nya!<\/p>","protected":false},"featured_media":35070,"template":"","meta":[],"product_brand":[],"product_cat":[16,106,39],"product_tag":[18,108,392],"class_list":{"0":"post-35069","1":"product","2":"type-product","3":"status-publish","4":"has-post-thumbnail","6":"product_cat-ameritrash","7":"product_cat-star-wars","8":"product_cat-tarningsspel","9":"product_tag-fantasy-flight-games","10":"product_tag-star-wars","11":"product_tag-star-wars-destiny","13":"first","14":"outofstock","15":"taxable","16":"shipping-taxable","17":"purchasable","18":"product-type-simple"},"_links":{"self":[{"href":"https:\/\/www.alltpaettkort.com\/en\/wp-json\/wp\/v2\/product\/35069","targetHints":{"allow":["GET"]}}],"collection":[{"href":"https:\/\/www.alltpaettkort.com\/en\/wp-json\/wp\/v2\/product"}],"about":[{"href":"https:\/\/www.alltpaettkort.com\/en\/wp-json\/wp\/v2\/types\/product"}],"wp:featuredmedia":[{"embeddable":true,"href":"https:\/\/www.alltpaettkort.com\/en\/wp-json\/wp\/v2\/media\/35070"}],"wp:attachment":[{"href":"https:\/\/www.alltpaettkort.com\/en\/wp-json\/wp\/v2\/media?parent=35069"}],"wp:term":[{"taxonomy":"product_brand","embeddable":true,"href":"https:\/\/www.alltpaettkort.com\/en\/wp-json\/wp\/v2\/product_brand?post=35069"},{"taxonomy":"product_cat","embeddable":true,"href":"https:\/\/www.alltpaettkort.com\/en\/wp-json\/wp\/v2\/product_cat?post=35069"},{"taxonomy":"product_tag","embeddable":true,"href":"https:\/\/www.alltpaettkort.com\/en\/wp-json\/wp\/v2\/product_tag?post=35069"}],"curies":[{"name":"wp","href":"https:\/\/api.w.org\/{rel}","templated":true}]}}