{"id":35132,"date":"2017-09-14T08:30:53","date_gmt":"2017-09-14T08:30:53","guid":{"rendered":"https:\/\/www.alltpaettkort.com\/produkt\/isle-of-skye-journeyman\/"},"modified":"2022-01-13T08:34:47","modified_gmt":"2022-01-13T08:34:47","slug":"isle-of-skye-journeyman","status":"publish","type":"product","link":"https:\/\/www.alltpaettkort.com\/en\/product\/isle-of-skye-journeyman\/","title":{"rendered":"Isle of Skye: Journeyman"},"content":{"rendered":"<p><em>Becoming a king is hard, but being a king is even harder. You need warriors to protect your kingdom, merchants to keep your treasury liquid and heralds which proclaim your popularity across the kingdom. Luckily, your best mate has agreed to take over the hard graft so that you concentrate becoming a glory chieftain.<\/em><\/p>\n<p><em><strong>Isle of Skye: Journeyman<\/strong><\/em>, the first big expansion to <em>Isle of Skye<\/em>, contains new personal player boards indicating your progress in terms of strength, prosperity and popularity. As each progress step has requirements to be met, the personal player boards affect tile selling and placement. However, in order to claim the next level of development and gain potential rewards, it\u2019s not sufficient to place the corresponding tiles only. A new pawn (the journeyman) needs to travel the kingdom and &#8221;activate&#8221; the tiles. In addition, four new scoring tiles are contained respecting the new challenges of <em>Isle of Skye: Journeyman<\/em>.<\/p>\n<p><strong><a href=\"https:\/\/boardgamegeek.com\/boardgameexpansion\/232226\/isle-skye-journeyman\" target=\"_blank\" rel=\"noopener\">L\u00e4s mer p\u00e5 Boardgamegeek<\/a><\/strong><\/p>","protected":false},"excerpt":{"rendered":"<p>Expansion till det f\u00f6rtjusande Isle of Skye som bjuder p\u00e5 personliga spelbr\u00e4den, en handelsresande och nya score tiles!<\/p>","protected":false},"featured_media":35133,"template":"","meta":[],"product_brand":[],"product_cat":[43],"product_tag":[345,80],"class_list":{"0":"post-35132","1":"product","2":"type-product","3":"status-publish","4":"has-post-thumbnail","6":"product_cat-expansion","7":"product_tag-isle-of-skye","8":"product_tag-mayfair-games","10":"first","11":"outofstock","12":"taxable","13":"shipping-taxable","14":"purchasable","15":"product-type-simple"},"_links":{"self":[{"href":"https:\/\/www.alltpaettkort.com\/en\/wp-json\/wp\/v2\/product\/35132","targetHints":{"allow":["GET"]}}],"collection":[{"href":"https:\/\/www.alltpaettkort.com\/en\/wp-json\/wp\/v2\/product"}],"about":[{"href":"https:\/\/www.alltpaettkort.com\/en\/wp-json\/wp\/v2\/types\/product"}],"wp:featuredmedia":[{"embeddable":true,"href":"https:\/\/www.alltpaettkort.com\/en\/wp-json\/wp\/v2\/media\/35133"}],"wp:attachment":[{"href":"https:\/\/www.alltpaettkort.com\/en\/wp-json\/wp\/v2\/media?parent=35132"}],"wp:term":[{"taxonomy":"product_brand","embeddable":true,"href":"https:\/\/www.alltpaettkort.com\/en\/wp-json\/wp\/v2\/product_brand?post=35132"},{"taxonomy":"product_cat","embeddable":true,"href":"https:\/\/www.alltpaettkort.com\/en\/wp-json\/wp\/v2\/product_cat?post=35132"},{"taxonomy":"product_tag","embeddable":true,"href":"https:\/\/www.alltpaettkort.com\/en\/wp-json\/wp\/v2\/product_tag?post=35132"}],"curies":[{"name":"wp","href":"https:\/\/api.w.org\/{rel}","templated":true}]}}