{"id":35186,"date":"2017-09-18T12:02:56","date_gmt":"2017-09-18T12:02:56","guid":{"rendered":"https:\/\/www.alltpaettkort.com\/produkt\/monopoly-gamer\/"},"modified":"2022-01-13T08:34:51","modified_gmt":"2022-01-13T08:34:51","slug":"monopoly-gamer","status":"publish","type":"product","link":"https:\/\/www.alltpaettkort.com\/en\/product\/monopoly-gamer\/","title":{"rendered":"Monopoly Gamer"},"content":{"rendered":"<p>It&#8217;s the <em>Monopoly<\/em> game with a Nintendo twist as it joins forces with beloved Nintendo video game characters. Instead of standard Monopoly tokens, the game features Super Mario characters, each with their own special powers within gameplay. Play as Mario, Princess Peach, Yoshi, or Donkey Kong. Finish the game by defeating Bowser at the end! It&#8217;s not just about money in this game; players earn points by buying Properties, collecting Coins, and beating Bosses. The player with the highest score wins the game.<\/p>\n<p>Features Nintendo&#8217;s Super Mario characters<br \/>\nCoins replace Monopoly money<br \/>\nPower-up die activates special abilities<br \/>\nBattle legendary Bosses<\/p>\n<p><strong>F\u00f6r 2-4 spelare<\/strong><br \/>\n<strong>90 min speltid<\/strong><br \/>\n<strong>Rekommenderad \u00e5lder: 8 <\/strong><br \/>\n<strong><a href=\"https:\/\/boardgamegeek.com\/boardgame\/230408\/monopoly-gamer\" target=\"_blank\" rel=\"noopener\">L\u00e4s mer p\u00e5 Boardgamegeek<\/a><\/strong><\/p>","protected":false},"excerpt":{"rendered":"<p>Jomenvisst, ett Monopol i v\u00e5rt sortiment! F\u00f6r Monopoly Gamer lyckas faktiskt gjuta\u00a0nytt liv i konceptet med hj\u00e4lp av superkrafter, en redig dosa Nintendo-charm och smart uppdaterade regler! Perfekt att plocka fram n\u00e4r sl\u00e4kten\u00a0propsar\u00a0p\u00e5 att spela denna omtvistade klassiker! Svensk utg\u00e5va<\/p>","protected":false},"featured_media":35187,"template":"","meta":[],"product_brand":[],"product_cat":[69,31,30],"product_tag":[366],"class_list":{"0":"post-35186","1":"product","2":"type-product","3":"status-publish","4":"has-post-thumbnail","6":"product_cat-barnspel","7":"product_cat-familjespel","8":"product_cat-sallskapsspel","9":"product_tag-hasbro","11":"first","12":"outofstock","13":"taxable","14":"shipping-taxable","15":"purchasable","16":"product-type-simple"},"_links":{"self":[{"href":"https:\/\/www.alltpaettkort.com\/en\/wp-json\/wp\/v2\/product\/35186","targetHints":{"allow":["GET"]}}],"collection":[{"href":"https:\/\/www.alltpaettkort.com\/en\/wp-json\/wp\/v2\/product"}],"about":[{"href":"https:\/\/www.alltpaettkort.com\/en\/wp-json\/wp\/v2\/types\/product"}],"wp:featuredmedia":[{"embeddable":true,"href":"https:\/\/www.alltpaettkort.com\/en\/wp-json\/wp\/v2\/media\/35187"}],"wp:attachment":[{"href":"https:\/\/www.alltpaettkort.com\/en\/wp-json\/wp\/v2\/media?parent=35186"}],"wp:term":[{"taxonomy":"product_brand","embeddable":true,"href":"https:\/\/www.alltpaettkort.com\/en\/wp-json\/wp\/v2\/product_brand?post=35186"},{"taxonomy":"product_cat","embeddable":true,"href":"https:\/\/www.alltpaettkort.com\/en\/wp-json\/wp\/v2\/product_cat?post=35186"},{"taxonomy":"product_tag","embeddable":true,"href":"https:\/\/www.alltpaettkort.com\/en\/wp-json\/wp\/v2\/product_tag?post=35186"}],"curies":[{"name":"wp","href":"https:\/\/api.w.org\/{rel}","templated":true}]}}