{"id":35249,"date":"2017-10-04T10:57:30","date_gmt":"2017-10-04T10:57:30","guid":{"rendered":"https:\/\/www.alltpaettkort.com\/produkt\/thats-a-question\/"},"modified":"2022-01-13T08:34:52","modified_gmt":"2022-01-13T08:34:52","slug":"thats-a-question","status":"publish","type":"product","link":"https:\/\/www.alltpaettkort.com\/en\/product\/thats-a-question\/","title":{"rendered":"That&#8217;s a Question!"},"content":{"rendered":"<p>Players take turns creating questions. On your turn, you ask your question and pick one player to answer. Everyone else tries to guess what the answer will be. They get points for guessing right, and you get points when they guess wrong. So you definitely want to make a question that is difficult to answer.<\/p>\n<p>The answers can be surprising. You&#8217;ll learn new things about your friends &#8212; deep, important things like whether they would rather be a world-famous singer or the captain of a space ship. And you get to keep score by moving a squirrel up a mountain.<\/p>\n<p>You will need to think about your fellow players&#8217; desires and wishes. Can you ask the right question?<\/p>\n<p><strong>F\u00f6r 3-6 spelare<\/strong><br \/>\n<strong>30 min speltid<\/strong><br \/>\n<strong>Rekommenderad \u00e5lder: 15<br \/>\n<a href=\"http:\/\/czechgames.com\/files\/rules\/thats-a-question-rules-en.pdf\" target=\"_blank\" rel=\"noopener\">Spelets regler<\/a><\/strong><br \/>\n<strong><a href=\"https:\/\/boardgamegeek.com\/boardgame\/226322\/s-question\" target=\"_blank\" rel=\"noopener\">L\u00e4s mer p\u00e5 Boardgamegeek<\/a><\/strong><\/p>","protected":false},"excerpt":{"rendered":"<p>Supercharmigt spel fr\u00e5n m\u00e4staren Vlaada Chv\u00e1til som st\u00e4ller fr\u00e5gespel-konceptet p\u00e5 \u00e4nda! H\u00e4r snickrar ni n\u00e4mligen ihop fr\u00e5gorna sj\u00e4lva av fr\u00e5gebitar, och utmaningen \u00e4r inte att veta svaret, utan att chansa p\u00e5 vad dina motspelare svarar!<\/p>","protected":false},"featured_media":35250,"template":"","meta":[],"product_brand":[],"product_cat":[31,38,30],"product_tag":[136],"class_list":{"0":"post-35249","1":"product","2":"type-product","3":"status-publish","4":"has-post-thumbnail","6":"product_cat-familjespel","7":"product_cat-partyspel","8":"product_cat-sallskapsspel","9":"product_tag-czech-games-edition","11":"first","12":"outofstock","13":"taxable","14":"shipping-taxable","15":"purchasable","16":"product-type-simple"},"_links":{"self":[{"href":"https:\/\/www.alltpaettkort.com\/en\/wp-json\/wp\/v2\/product\/35249","targetHints":{"allow":["GET"]}}],"collection":[{"href":"https:\/\/www.alltpaettkort.com\/en\/wp-json\/wp\/v2\/product"}],"about":[{"href":"https:\/\/www.alltpaettkort.com\/en\/wp-json\/wp\/v2\/types\/product"}],"wp:featuredmedia":[{"embeddable":true,"href":"https:\/\/www.alltpaettkort.com\/en\/wp-json\/wp\/v2\/media\/35250"}],"wp:attachment":[{"href":"https:\/\/www.alltpaettkort.com\/en\/wp-json\/wp\/v2\/media?parent=35249"}],"wp:term":[{"taxonomy":"product_brand","embeddable":true,"href":"https:\/\/www.alltpaettkort.com\/en\/wp-json\/wp\/v2\/product_brand?post=35249"},{"taxonomy":"product_cat","embeddable":true,"href":"https:\/\/www.alltpaettkort.com\/en\/wp-json\/wp\/v2\/product_cat?post=35249"},{"taxonomy":"product_tag","embeddable":true,"href":"https:\/\/www.alltpaettkort.com\/en\/wp-json\/wp\/v2\/product_tag?post=35249"}],"curies":[{"name":"wp","href":"https:\/\/api.w.org\/{rel}","templated":true}]}}