{"id":35276,"date":"2017-09-14T10:57:00","date_gmt":"2017-09-14T10:57:00","guid":{"rendered":"https:\/\/www.alltpaettkort.com\/produkt\/catch-the-moon\/"},"modified":"2022-01-13T08:34:53","modified_gmt":"2022-01-13T08:34:53","slug":"catch-the-moon","status":"publish","type":"product","link":"https:\/\/www.alltpaettkort.com\/en\/product\/catch-the-moon\/","title":{"rendered":"Catch the Moon"},"content":{"rendered":"<p>All you need in <em><strong>D\u00e9crocher la Lune<\/strong><\/em> are a few skillfully placed ladders, a good sense of balance, and a touch of imagination. The moon waits impatiently for your arrival, but she&#8217;s a sensitive lady and the smallest mistake can make her cry. The right mix of skill and luck will help you become the most agile dreamer&#8230;<\/p>\n<p><strong>F\u00f6r 2-6 spelare<\/strong><br \/>\n<strong>20 min speltid<\/strong><br \/>\n<strong>Rekommenderad \u00e5lder: 6 <\/strong><br \/>\n<strong><a href=\"https:\/\/boardgamegeek.com\/boardgame\/218129\/decrocher-la-lune\" target=\"_blank\" rel=\"noopener\">L\u00e4s mer p\u00e5 Boardgamegeek<\/a><\/strong><\/p>","protected":false},"excerpt":{"rendered":"<p>F\u00f6rtjusande spel om att anv\u00e4nd fantasi och list f\u00f6r\u00a0att turas om att placera ut stegar \u00a0upp mot m\u00e5nen!<\/p>","protected":false},"featured_media":35277,"template":"","meta":[],"product_brand":[],"product_cat":[69,31,30],"product_tag":[70],"class_list":{"0":"post-35276","1":"product","2":"type-product","3":"status-publish","4":"has-post-thumbnail","6":"product_cat-barnspel","7":"product_cat-familjespel","8":"product_cat-sallskapsspel","9":"product_tag-asmodee","11":"first","12":"outofstock","13":"taxable","14":"shipping-taxable","15":"purchasable","16":"product-type-simple"},"_links":{"self":[{"href":"https:\/\/www.alltpaettkort.com\/en\/wp-json\/wp\/v2\/product\/35276","targetHints":{"allow":["GET"]}}],"collection":[{"href":"https:\/\/www.alltpaettkort.com\/en\/wp-json\/wp\/v2\/product"}],"about":[{"href":"https:\/\/www.alltpaettkort.com\/en\/wp-json\/wp\/v2\/types\/product"}],"wp:featuredmedia":[{"embeddable":true,"href":"https:\/\/www.alltpaettkort.com\/en\/wp-json\/wp\/v2\/media\/35277"}],"wp:attachment":[{"href":"https:\/\/www.alltpaettkort.com\/en\/wp-json\/wp\/v2\/media?parent=35276"}],"wp:term":[{"taxonomy":"product_brand","embeddable":true,"href":"https:\/\/www.alltpaettkort.com\/en\/wp-json\/wp\/v2\/product_brand?post=35276"},{"taxonomy":"product_cat","embeddable":true,"href":"https:\/\/www.alltpaettkort.com\/en\/wp-json\/wp\/v2\/product_cat?post=35276"},{"taxonomy":"product_tag","embeddable":true,"href":"https:\/\/www.alltpaettkort.com\/en\/wp-json\/wp\/v2\/product_tag?post=35276"}],"curies":[{"name":"wp","href":"https:\/\/api.w.org\/{rel}","templated":true}]}}