{"id":35288,"date":"2017-08-03T14:40:53","date_gmt":"2017-08-03T14:40:53","guid":{"rendered":"https:\/\/www.alltpaettkort.com\/produkt\/lignum-second-edition\/"},"modified":"2022-01-13T08:34:56","modified_gmt":"2022-01-13T08:34:56","slug":"lignum-second-edition","status":"publish","type":"product","link":"https:\/\/www.alltpaettkort.com\/en\/product\/lignum-second-edition\/","title":{"rendered":"Lignum (second edition)"},"content":{"rendered":"<p>Starting with a limited amount of resources and workers, you set out to run your lumber mill as efficiently as possible. Savvy investments and proper planning will ensure that your mill will be the most profitable. Be cautious, however, for competition is fierce! You will need to secure the best cutting areas, make use of limited contract workers, and continually update and replace your equipment. Your competitors are not the only thing to worry about as you will also need to store enough firewood and food to survive the harsh winters.<\/p>\n<p><em><strong>Lignum<\/strong><\/em> is a strategic optimization game that portrays the logging industry in the 19th century. Each round, players travel to the nearby forest, picking up tools and hiring workers along the way. After felling timber, players must decide how to transport their wood to their sawmills and if the wood should be processed or sold immediately, all the while optimizing their entire processing chain.<\/p>\n<p>The second edition of <em>Lignum<\/em> also includes the &#8221;Joinery &amp; Buildings&#8221; expansion. In this expansion, players can visit two additional locations along the supply path. Players may now acquire special buildings that give them unique, special abilities for the remainder of the game. Additionally, players can acquire joiners to help generate more income each round; if those joiners are supplied with the appropriate wood, players can earn extra money at the end of the game!<\/p>\n<p><strong>F\u00f6r 2-4 spelare<\/strong><br \/>\n<strong>90-120 min speltid<\/strong><br \/>\n<strong>Rekommenderad \u00e5lder: 12 <\/strong><br \/>\n<strong><a href=\"https:\/\/boardgamegeek.com\/boardgame\/222407\/lignum-second-edition\" target=\"_blank\" rel=\"noopener\">L\u00e4s mer p\u00e5 Boardgamegeek<\/a><\/strong><\/p>","protected":false},"excerpt":{"rendered":"<p>Mustigt och unikt strategispel om att bygga upp ett\u00a0eget s\u00e5gverksimperium\u00a0under det h\u00e5rda 1800-talet! Det h\u00e4r \u00e4r den andra utg\u00e5van av spelet som \u00e4ven inkluderar\u00a0expansionen\u00a0Joinery &amp; Buildings.<\/p>","protected":false},"featured_media":35289,"template":"","meta":[],"product_brand":[],"product_cat":[29,17],"product_tag":[],"class_list":{"0":"post-35288","1":"product","2":"type-product","3":"status-publish","4":"has-post-thumbnail","6":"product_cat-eurospel","7":"product_cat-strategispel","9":"first","10":"outofstock","11":"taxable","12":"shipping-taxable","13":"purchasable","14":"product-type-simple"},"_links":{"self":[{"href":"https:\/\/www.alltpaettkort.com\/en\/wp-json\/wp\/v2\/product\/35288","targetHints":{"allow":["GET"]}}],"collection":[{"href":"https:\/\/www.alltpaettkort.com\/en\/wp-json\/wp\/v2\/product"}],"about":[{"href":"https:\/\/www.alltpaettkort.com\/en\/wp-json\/wp\/v2\/types\/product"}],"wp:featuredmedia":[{"embeddable":true,"href":"https:\/\/www.alltpaettkort.com\/en\/wp-json\/wp\/v2\/media\/35289"}],"wp:attachment":[{"href":"https:\/\/www.alltpaettkort.com\/en\/wp-json\/wp\/v2\/media?parent=35288"}],"wp:term":[{"taxonomy":"product_brand","embeddable":true,"href":"https:\/\/www.alltpaettkort.com\/en\/wp-json\/wp\/v2\/product_brand?post=35288"},{"taxonomy":"product_cat","embeddable":true,"href":"https:\/\/www.alltpaettkort.com\/en\/wp-json\/wp\/v2\/product_cat?post=35288"},{"taxonomy":"product_tag","embeddable":true,"href":"https:\/\/www.alltpaettkort.com\/en\/wp-json\/wp\/v2\/product_tag?post=35288"}],"curies":[{"name":"wp","href":"https:\/\/api.w.org\/{rel}","templated":true}]}}