{"id":35309,"date":"2019-03-26T11:50:10","date_gmt":"2019-03-26T11:50:10","guid":{"rendered":"https:\/\/www.alltpaettkort.com\/produkt\/gloomhaven-removable-sticker-set\/"},"modified":"2022-11-01T09:54:47","modified_gmt":"2022-11-01T09:54:47","slug":"gloomhaven-removable-sticker-set","status":"publish","type":"product","link":"https:\/\/www.alltpaettkort.com\/en\/product\/gloomhaven-removable-sticker-set\/","title":{"rendered":"Gloomhaven Removable Sticker Set"},"content":{"rendered":"<p>Officially licensed from Cephalofair Games, this is a\u00a0removable and reusable replacement for the stickers contained in the smash hit board game, Gloomhaven. It includes all the location, enhancement, and achievement stickers, plus seals for envelopes &amp; boxes, and the lock for the Town Records book. Made from durable vinyl with a non-transferring adhesive, these stickers can be removed from the board and cards without tearing or leaving residue. With care, the stickers can be returned to the backing sheet and used multiple times.<\/p>","protected":false},"excerpt":{"rendered":"<p>Riktigt fiffiga klisterm\u00e4rken att anv\u00e4nda till Gloomhaven som g\u00e5r att \u00e5teranv\u00e4nda och som inte skadar komponenterna.<\/p>","protected":false},"featured_media":35310,"template":"","meta":[],"product_brand":[],"product_cat":[103],"product_tag":[399],"class_list":{"0":"post-35309","1":"product","2":"type-product","3":"status-publish","4":"has-post-thumbnail","6":"product_cat-tillbehor","7":"product_tag-gloomhaven","9":"first","10":"outofstock","11":"taxable","12":"shipping-taxable","13":"purchasable","14":"product-type-simple"},"_links":{"self":[{"href":"https:\/\/www.alltpaettkort.com\/en\/wp-json\/wp\/v2\/product\/35309","targetHints":{"allow":["GET"]}}],"collection":[{"href":"https:\/\/www.alltpaettkort.com\/en\/wp-json\/wp\/v2\/product"}],"about":[{"href":"https:\/\/www.alltpaettkort.com\/en\/wp-json\/wp\/v2\/types\/product"}],"wp:featuredmedia":[{"embeddable":true,"href":"https:\/\/www.alltpaettkort.com\/en\/wp-json\/wp\/v2\/media\/35310"}],"wp:attachment":[{"href":"https:\/\/www.alltpaettkort.com\/en\/wp-json\/wp\/v2\/media?parent=35309"}],"wp:term":[{"taxonomy":"product_brand","embeddable":true,"href":"https:\/\/www.alltpaettkort.com\/en\/wp-json\/wp\/v2\/product_brand?post=35309"},{"taxonomy":"product_cat","embeddable":true,"href":"https:\/\/www.alltpaettkort.com\/en\/wp-json\/wp\/v2\/product_cat?post=35309"},{"taxonomy":"product_tag","embeddable":true,"href":"https:\/\/www.alltpaettkort.com\/en\/wp-json\/wp\/v2\/product_tag?post=35309"}],"curies":[{"name":"wp","href":"https:\/\/api.w.org\/{rel}","templated":true}]}}