{"id":35353,"date":"2017-10-09T14:04:09","date_gmt":"2017-10-09T14:04:09","guid":{"rendered":"https:\/\/www.alltpaettkort.com\/produkt\/chimera-station\/"},"modified":"2022-01-13T08:34:59","modified_gmt":"2022-01-13T08:34:59","slug":"chimera-station","status":"publish","type":"product","link":"https:\/\/www.alltpaettkort.com\/en\/product\/chimera-station\/","title":{"rendered":"Chimera Station"},"content":{"rendered":"<p>Chimera Station brings a new twist to the Worker Placement genre: customizable workers. Each worker can be modified in-game by splicing claws, tentacles, leafs or additional brains (or any combination of those) on them.<\/p>\n<p>These workers are used to gather resources: points, food, credits, and living parts of aforementioned workers! During the game you\u2019ll build and expand the space station and open up tons of different strategical and tactical possibilities.<\/p>\n<p>Featuring a grand total of 12 standard action spaces and 40 additional ones (modules), 22 perks, 16 different ways to configure your aliens (via components), and 4 different races, the possibilites are endless!<\/p>\n<p><strong>F\u00f6r 2-4 spelare<\/strong><br \/>\n<strong>60-90 min speltid<\/strong><br \/>\n<strong>Rekommenderad \u00e5lder: 13 <\/strong><br \/>\n<strong><a href=\"https:\/\/boardgamegeek.com\/boardgame\/163642\/chimera-station\" target=\"_blank\" rel=\"noopener\">L\u00e4s mer p\u00e5 Boardgamegeek<\/a><\/strong><\/p>\n<p>Se Dice Towers prima recension av spelet h\u00e4r nedan!<\/p>","protected":false},"excerpt":{"rendered":"<p>Lysande\u00a0strategispel d\u00e4r spelarna s\u00e4tter ihop sina egna alien-workers p\u00e5 diverse kreativa s\u00e4tt f\u00f6r att bygga ut en rymdstation! Vad s\u00e4gs om att l\u00e4gga p\u00e5 lite klor, extrahj\u00e4rna eller varf\u00f6r inte en tentakel eller tv\u00e5?<\/p>","protected":false},"featured_media":35354,"template":"","meta":[],"product_brand":[],"product_cat":[17],"product_tag":[445],"class_list":{"0":"post-35353","1":"product","2":"type-product","3":"status-publish","4":"has-post-thumbnail","6":"product_cat-strategispel","7":"product_tag-game-brewer","9":"first","10":"outofstock","11":"taxable","12":"shipping-taxable","13":"purchasable","14":"product-type-simple"},"_links":{"self":[{"href":"https:\/\/www.alltpaettkort.com\/en\/wp-json\/wp\/v2\/product\/35353","targetHints":{"allow":["GET"]}}],"collection":[{"href":"https:\/\/www.alltpaettkort.com\/en\/wp-json\/wp\/v2\/product"}],"about":[{"href":"https:\/\/www.alltpaettkort.com\/en\/wp-json\/wp\/v2\/types\/product"}],"wp:featuredmedia":[{"embeddable":true,"href":"https:\/\/www.alltpaettkort.com\/en\/wp-json\/wp\/v2\/media\/35354"}],"wp:attachment":[{"href":"https:\/\/www.alltpaettkort.com\/en\/wp-json\/wp\/v2\/media?parent=35353"}],"wp:term":[{"taxonomy":"product_brand","embeddable":true,"href":"https:\/\/www.alltpaettkort.com\/en\/wp-json\/wp\/v2\/product_brand?post=35353"},{"taxonomy":"product_cat","embeddable":true,"href":"https:\/\/www.alltpaettkort.com\/en\/wp-json\/wp\/v2\/product_cat?post=35353"},{"taxonomy":"product_tag","embeddable":true,"href":"https:\/\/www.alltpaettkort.com\/en\/wp-json\/wp\/v2\/product_tag?post=35353"}],"curies":[{"name":"wp","href":"https:\/\/api.w.org\/{rel}","templated":true}]}}