{"id":35477,"date":"2017-10-10T10:17:42","date_gmt":"2017-10-10T10:17:42","guid":{"rendered":"https:\/\/www.alltpaettkort.com\/produkt\/modern-art\/"},"modified":"2022-01-13T08:35:04","modified_gmt":"2022-01-13T08:35:04","slug":"modern-art","status":"publish","type":"product","link":"https:\/\/www.alltpaettkort.com\/en\/product\/modern-art\/","title":{"rendered":"Modern Art"},"content":{"rendered":"<p>Buying and selling paintings is a very lucrative business, at least that&#8217;s what Hollywood&#8217;s led us to believe, and that&#8217;s the premise of this game. Five different artists have produced a bunch of paintings, and it&#8217;s the player&#8217;s task to be both the buyer and the seller, hopefully making a profit in both roles. He does this by putting a painting from his hand up for auction each turn. He gets the money if some other player buys it, but must pay the bank if he buys it for himself. After each round, paintings are valued by the number of paintings of that type that were sold. The broker with the most cash after four rounds is the winner.<\/p>\n<p><strong>F\u00f6r 3-5 spelare<\/strong><br \/>\n<strong>45\u00a0min speltid<\/strong><br \/>\n<strong>Rekommenderad \u00e5lder: 10 <\/strong><br \/>\n<strong><a href=\"https:\/\/boardgamegeek.com\/boardgame\/118\/modern-art\" target=\"_blank\" rel=\"noopener\">L\u00e4s mer p\u00e5 Boardgamegeek<\/a><\/strong><\/p>","protected":false},"excerpt":{"rendered":"<p>Kasta dig in i konsthandelsv\u00e4rlden i denna auktionsdrivna p\u00e4rla d\u00e4r spelarna b\u00e5de \u00e4r s\u00e4ljare och k\u00f6pare! Nordisk utg\u00e5va med svenska regler<\/p>","protected":false},"featured_media":35478,"template":"","meta":[],"product_brand":[],"product_cat":[31,30],"product_tag":[97],"class_list":{"0":"post-35477","1":"product","2":"type-product","3":"status-publish","4":"has-post-thumbnail","6":"product_cat-familjespel","7":"product_cat-sallskapsspel","8":"product_tag-lautapelit","10":"first","11":"outofstock","12":"taxable","13":"shipping-taxable","14":"purchasable","15":"product-type-simple"},"_links":{"self":[{"href":"https:\/\/www.alltpaettkort.com\/en\/wp-json\/wp\/v2\/product\/35477","targetHints":{"allow":["GET"]}}],"collection":[{"href":"https:\/\/www.alltpaettkort.com\/en\/wp-json\/wp\/v2\/product"}],"about":[{"href":"https:\/\/www.alltpaettkort.com\/en\/wp-json\/wp\/v2\/types\/product"}],"wp:featuredmedia":[{"embeddable":true,"href":"https:\/\/www.alltpaettkort.com\/en\/wp-json\/wp\/v2\/media\/35478"}],"wp:attachment":[{"href":"https:\/\/www.alltpaettkort.com\/en\/wp-json\/wp\/v2\/media?parent=35477"}],"wp:term":[{"taxonomy":"product_brand","embeddable":true,"href":"https:\/\/www.alltpaettkort.com\/en\/wp-json\/wp\/v2\/product_brand?post=35477"},{"taxonomy":"product_cat","embeddable":true,"href":"https:\/\/www.alltpaettkort.com\/en\/wp-json\/wp\/v2\/product_cat?post=35477"},{"taxonomy":"product_tag","embeddable":true,"href":"https:\/\/www.alltpaettkort.com\/en\/wp-json\/wp\/v2\/product_tag?post=35477"}],"curies":[{"name":"wp","href":"https:\/\/api.w.org\/{rel}","templated":true}]}}