{"id":35577,"date":"2017-11-06T09:50:46","date_gmt":"2017-11-06T09:50:46","guid":{"rendered":"https:\/\/www.alltpaettkort.com\/produkt\/talisman-the-reaper-expansion\/"},"modified":"2022-01-13T08:35:06","modified_gmt":"2022-01-13T08:35:06","slug":"talisman-the-reaper-expansion","status":"publish","type":"product","link":"https:\/\/www.alltpaettkort.com\/en\/product\/talisman-the-reaper-expansion\/","title":{"rendered":"Talisman: The Reaper Expansion"},"content":{"rendered":"<p>An unearthly chill creeps through the air. The Wizard stops reading his ancient tome and gazes cautiously over his shoulder. The Warrior feels an unfamiliar fear as he draws his mighty sword.<\/p>\n<p>A shadow has fallen across the countryside. Death himself wanders the land. Can the heroes fulfill their epic quests with the spectre of the Grim Reaper hounding their every move?<\/p>\n<p>The race to the Crown of Command has never been deadlier!<\/p>\n<p><strong>Key Features<\/strong><br \/>\n4 new character cards and plastic figures<br \/>\n90 new Adventure Cards<br \/>\n26 new Spell Cards<br \/>\n12 Warlock Quest Cards<br \/>\nThe Grim Reaper,a dark figure that players manipulate against each other.<\/p>\n<p><a href=\"https:\/\/boardgamegeek.com\/boardgameexpansion\/38025\/talisman-revised-4th-edition-reaper-expansion\" target=\"_blank\" rel=\"noopener noreferrer\"><strong> L\u00e4s mer p\u00e5 Boardgamegeek\u00a0<\/strong><\/a><\/p>","protected":false},"excerpt":{"rendered":"<p>Expansion till Talisan med d\u00f6den sj\u00e4lv som knallar runt p\u00e5 spelbr\u00e4det! Dessutom f\u00e5s nya \u00e4ventyrare, \u00e4ventyrskort\u00a0och\u00a0besv\u00e4rjelser!\u00a0<em>Det h\u00e4r \u00e4r den senaste utg\u00e5van fr\u00e5n Games Workshop som \u00e4r fullt kompatibel med den tidigare utg\u00e5van fr\u00e5n Fantasy Flight Games.<\/em><\/p>","protected":false},"featured_media":35578,"template":"","meta":[],"product_brand":[],"product_cat":[43],"product_tag":[20,46,47],"class_list":{"0":"post-35577","1":"product","2":"type-product","3":"status-publish","4":"has-post-thumbnail","6":"product_cat-expansion","7":"product_tag-fantasy","8":"product_tag-games-workshop","9":"product_tag-talisman","11":"first","12":"outofstock","13":"taxable","14":"shipping-taxable","15":"purchasable","16":"product-type-simple"},"_links":{"self":[{"href":"https:\/\/www.alltpaettkort.com\/en\/wp-json\/wp\/v2\/product\/35577","targetHints":{"allow":["GET"]}}],"collection":[{"href":"https:\/\/www.alltpaettkort.com\/en\/wp-json\/wp\/v2\/product"}],"about":[{"href":"https:\/\/www.alltpaettkort.com\/en\/wp-json\/wp\/v2\/types\/product"}],"wp:featuredmedia":[{"embeddable":true,"href":"https:\/\/www.alltpaettkort.com\/en\/wp-json\/wp\/v2\/media\/35578"}],"wp:attachment":[{"href":"https:\/\/www.alltpaettkort.com\/en\/wp-json\/wp\/v2\/media?parent=35577"}],"wp:term":[{"taxonomy":"product_brand","embeddable":true,"href":"https:\/\/www.alltpaettkort.com\/en\/wp-json\/wp\/v2\/product_brand?post=35577"},{"taxonomy":"product_cat","embeddable":true,"href":"https:\/\/www.alltpaettkort.com\/en\/wp-json\/wp\/v2\/product_cat?post=35577"},{"taxonomy":"product_tag","embeddable":true,"href":"https:\/\/www.alltpaettkort.com\/en\/wp-json\/wp\/v2\/product_tag?post=35577"}],"curies":[{"name":"wp","href":"https:\/\/api.w.org\/{rel}","templated":true}]}}