{"id":35623,"date":"2018-02-04T07:39:11","date_gmt":"2018-02-04T07:39:11","guid":{"rendered":"https:\/\/www.alltpaettkort.com\/produkt\/queendomino\/"},"modified":"2022-01-13T08:35:11","modified_gmt":"2022-01-13T08:35:11","slug":"queendomino","status":"publish","type":"product","link":"https:\/\/www.alltpaettkort.com\/en\/product\/queendomino\/","title":{"rendered":"Queendomino"},"content":{"rendered":"<p>Build up the most prestigious kingdom by claiming wheat fields, forests, lakes, grazing grounds, marshes, and mountains. Your knights will bring you riches in the form of coins \u2014 and if you make sure to expand the towns on your lands, you will make new buildings appear, giving you opportunities for new strategies. You may win the Queen&#8217;s favors &#8230; but always be aware of the dragon!<\/p>\n<p><em><strong>Queendomino<\/strong><\/em> is a game completely independent from <em>Kingdomino<\/em>, while offering a choice of more complex challenges. Two to four players can play <em>Queendomino<\/em> independently, but also in connection with <em>Kingdomino<\/em>, allowing for games with 7&#215;7 grids for four players, or for up to six players if you stick to 5&#215;5 grids.<\/p>\n<p><strong>F\u00f6r 2-4 spelare<\/strong><br \/>\n<strong>25\u00a0min speltid<\/strong><br \/>\n<strong>Rekommenderad \u00e5lder: 8 <\/strong><br \/>\n<strong><a href=\"https:\/\/boardgamegeek.com\/boardgame\/232043\/queendomino\" target=\"_blank\" rel=\"noopener\">L\u00e4s mer p\u00e5 Boardgamegeek<\/a><\/strong><\/p>","protected":false},"excerpt":{"rendered":"<p>Frist\u00e5ende uppf\u00f6ljare till charmiga Kingdomino som introducerar flera trevliga nyheter f\u00f6r ett lite matigare spel! G\u00e5r \u00e4ven att kombinera med Kingdomino f\u00f6r st\u00f6rre spelf\u00e4lt och spel upp till 6 spelare!<\/p>","protected":false},"featured_media":35624,"template":"","meta":[],"product_brand":[],"product_cat":[69,31,30],"product_tag":[448],"class_list":{"0":"post-35623","1":"product","2":"type-product","3":"status-publish","4":"has-post-thumbnail","6":"product_cat-barnspel","7":"product_cat-familjespel","8":"product_cat-sallskapsspel","9":"product_tag-blue-orange-games","11":"first","12":"outofstock","13":"taxable","14":"shipping-taxable","15":"purchasable","16":"product-type-simple"},"_links":{"self":[{"href":"https:\/\/www.alltpaettkort.com\/en\/wp-json\/wp\/v2\/product\/35623","targetHints":{"allow":["GET"]}}],"collection":[{"href":"https:\/\/www.alltpaettkort.com\/en\/wp-json\/wp\/v2\/product"}],"about":[{"href":"https:\/\/www.alltpaettkort.com\/en\/wp-json\/wp\/v2\/types\/product"}],"wp:featuredmedia":[{"embeddable":true,"href":"https:\/\/www.alltpaettkort.com\/en\/wp-json\/wp\/v2\/media\/35624"}],"wp:attachment":[{"href":"https:\/\/www.alltpaettkort.com\/en\/wp-json\/wp\/v2\/media?parent=35623"}],"wp:term":[{"taxonomy":"product_brand","embeddable":true,"href":"https:\/\/www.alltpaettkort.com\/en\/wp-json\/wp\/v2\/product_brand?post=35623"},{"taxonomy":"product_cat","embeddable":true,"href":"https:\/\/www.alltpaettkort.com\/en\/wp-json\/wp\/v2\/product_cat?post=35623"},{"taxonomy":"product_tag","embeddable":true,"href":"https:\/\/www.alltpaettkort.com\/en\/wp-json\/wp\/v2\/product_tag?post=35623"}],"curies":[{"name":"wp","href":"https:\/\/api.w.org\/{rel}","templated":true}]}}