{"id":35688,"date":"2017-10-19T12:11:57","date_gmt":"2017-10-19T12:11:57","guid":{"rendered":"https:\/\/www.alltpaettkort.com\/produkt\/massive-darkness\/"},"modified":"2022-01-13T08:35:16","modified_gmt":"2022-01-13T08:35:16","slug":"massive-darkness","status":"publish","type":"product","link":"https:\/\/www.alltpaettkort.com\/en\/product\/massive-darkness\/","title":{"rendered":"Massive Darkness"},"content":{"rendered":"<p>In <em>Massive Darkness<\/em>, you\u2019ll join forces with the other players to enter the underground lair of the Darkness. You\u2019ll work together, jumping from shadow to light, engaging the enemy when the moment is right. The minions of the Darkness can be anything from orcs, to goblin warriors, to giant spiders. You\u2019ll never know what creatures await you around every corner. Play the quests in order to follow the storyline, or create your own legends using the tokens and modular board tiles. The Lightbringers won this war once before. Now it\u2019s your turn to add your names to the history books!<\/p>\n<p><strong>F\u00f6r 1-6 spelare<\/strong><br \/>\n<strong>90-180 min speltid<\/strong><br \/>\n<strong>Rekommenderad \u00e5lder: 14 <\/strong><br \/>\n<strong><a href=\"https:\/\/boardgamegeek.com\/boardgame\/197070\/massive-darkness\" target=\"_blank\" rel=\"noopener\">L\u00e4s mer p\u00e5 Boardgamegeek<\/a><\/strong><\/p>","protected":false},"excerpt":{"rendered":"<p>Vansinnigt maffigt \u00e4ventyrsspel fr\u00e5n Coolminiornot om att utforska minst sagt dj\u00e4vulska grottsystem!<\/p>","protected":false},"featured_media":35689,"template":"","meta":[],"product_brand":[],"product_cat":[16],"product_tag":[283,450],"class_list":{"0":"post-35688","1":"product","2":"type-product","3":"status-publish","4":"has-post-thumbnail","6":"product_cat-ameritrash","7":"product_tag-coolminiornot","8":"product_tag-fantasyspeltips","10":"first","11":"outofstock","12":"taxable","13":"shipping-taxable","14":"purchasable","15":"product-type-simple"},"_links":{"self":[{"href":"https:\/\/www.alltpaettkort.com\/en\/wp-json\/wp\/v2\/product\/35688","targetHints":{"allow":["GET"]}}],"collection":[{"href":"https:\/\/www.alltpaettkort.com\/en\/wp-json\/wp\/v2\/product"}],"about":[{"href":"https:\/\/www.alltpaettkort.com\/en\/wp-json\/wp\/v2\/types\/product"}],"wp:featuredmedia":[{"embeddable":true,"href":"https:\/\/www.alltpaettkort.com\/en\/wp-json\/wp\/v2\/media\/35689"}],"wp:attachment":[{"href":"https:\/\/www.alltpaettkort.com\/en\/wp-json\/wp\/v2\/media?parent=35688"}],"wp:term":[{"taxonomy":"product_brand","embeddable":true,"href":"https:\/\/www.alltpaettkort.com\/en\/wp-json\/wp\/v2\/product_brand?post=35688"},{"taxonomy":"product_cat","embeddable":true,"href":"https:\/\/www.alltpaettkort.com\/en\/wp-json\/wp\/v2\/product_cat?post=35688"},{"taxonomy":"product_tag","embeddable":true,"href":"https:\/\/www.alltpaettkort.com\/en\/wp-json\/wp\/v2\/product_tag?post=35688"}],"curies":[{"name":"wp","href":"https:\/\/api.w.org\/{rel}","templated":true}]}}