{"id":35717,"date":"2017-11-19T14:46:30","date_gmt":"2017-11-19T14:46:30","guid":{"rendered":"https:\/\/www.alltpaettkort.com\/produkt\/first-martians-adventures-on-the-red-planet\/"},"modified":"2022-01-13T08:35:18","modified_gmt":"2022-01-13T08:35:18","slug":"first-martians-adventures-on-the-red-planet","status":"publish","type":"product","link":"https:\/\/www.alltpaettkort.com\/en\/product\/first-martians-adventures-on-the-red-planet\/","title":{"rendered":"First Martians: Adventures on the Red Planet"},"content":{"rendered":"<p>Built on the core of the award-winning Robinson Crusoe: Adventures on the Cursed Island, First Martians: Adventures on the Red Planet pits players against the hostile Martian environment and a whole host of new adventures and challenges. The immersion experience is further enhanced with an integrated app that maintains the balance and challenge throughout. Players have the option of taking on the design as a series of separate games, in a custom campaign mode in which each successive game builds on the last, or even an open world mode in which they are free to roam about the Martian surface and explore for as long as they can survive.<\/p>\n<p><strong>F\u00f6r 1-4 spelare<\/strong><br \/>\n<strong>60-90 min speltid<\/strong><br \/>\n<strong>Rekommenderad \u00e5lder: 10 <\/strong><br \/>\n<strong><a href=\"https:\/\/boardgamegeek.com\/boardgame\/192455\/first-martians-adventures-red-planet\" target=\"_blank\" rel=\"noopener noreferrer\">L\u00e4s mer p\u00e5 Boardgamegeek<\/a><\/strong><\/p>\n<p>&nbsp;<\/p>","protected":false},"excerpt":{"rendered":"<p>Spelet som bygger vidare p\u00e5 det \u00e4lskade\u00a0Robinson Crusoe: Adventures on the Cursed Island och skickar oss ut i rymden! Ett mycket unikt och sp\u00e4nnande samarbetsspel p\u00e5 planeten Mars v\u00e4ntar med andra ord!<\/p>","protected":false},"featured_media":35718,"template":"","meta":[],"product_brand":[],"product_cat":[17],"product_tag":[140],"class_list":{"0":"post-35717","1":"product","2":"type-product","3":"status-publish","4":"has-post-thumbnail","6":"product_cat-strategispel","7":"product_tag-portal-games","9":"first","10":"outofstock","11":"taxable","12":"shipping-taxable","13":"purchasable","14":"product-type-simple"},"_links":{"self":[{"href":"https:\/\/www.alltpaettkort.com\/en\/wp-json\/wp\/v2\/product\/35717","targetHints":{"allow":["GET"]}}],"collection":[{"href":"https:\/\/www.alltpaettkort.com\/en\/wp-json\/wp\/v2\/product"}],"about":[{"href":"https:\/\/www.alltpaettkort.com\/en\/wp-json\/wp\/v2\/types\/product"}],"wp:featuredmedia":[{"embeddable":true,"href":"https:\/\/www.alltpaettkort.com\/en\/wp-json\/wp\/v2\/media\/35718"}],"wp:attachment":[{"href":"https:\/\/www.alltpaettkort.com\/en\/wp-json\/wp\/v2\/media?parent=35717"}],"wp:term":[{"taxonomy":"product_brand","embeddable":true,"href":"https:\/\/www.alltpaettkort.com\/en\/wp-json\/wp\/v2\/product_brand?post=35717"},{"taxonomy":"product_cat","embeddable":true,"href":"https:\/\/www.alltpaettkort.com\/en\/wp-json\/wp\/v2\/product_cat?post=35717"},{"taxonomy":"product_tag","embeddable":true,"href":"https:\/\/www.alltpaettkort.com\/en\/wp-json\/wp\/v2\/product_tag?post=35717"}],"curies":[{"name":"wp","href":"https:\/\/api.w.org\/{rel}","templated":true}]}}