{"id":35719,"date":"2017-11-19T14:57:28","date_gmt":"2017-11-19T14:57:28","guid":{"rendered":"https:\/\/www.alltpaettkort.com\/produkt\/legendary-buffy-the-vampire-slayer\/"},"modified":"2022-01-13T08:35:18","modified_gmt":"2022-01-13T08:35:18","slug":"legendary-buffy-the-vampire-slayer","status":"publish","type":"product","link":"https:\/\/www.alltpaettkort.com\/en\/product\/legendary-buffy-the-vampire-slayer\/","title":{"rendered":"Legendary: Buffy The Vampire Slayer"},"content":{"rendered":"<p><em><strong>Legendary: Buffy The Vampire Slayer<\/strong><\/em> is the newest addition to the <em>Legendary<\/em> series. In <em>Legendary<\/em>, a semi-cooperative deck-building game, 1 to 5 players use fan-favorite characters including Buffy, Angel, Willow, and Giles and attempt to stop a Big Bad and their nefarious Schemes. Players win the game if the Big Bad is beaten four times, and lose if the Big Bad is able to complete their Scheme.<\/p>\n<p>Based on the popular TV series only,<em> Legendary: Buffy the Vampire Slayer<\/em> features a light\/dark track that influences characters&#8217; strength, which is meant to boost the thematic feeling.<\/p>\n<p>This 500 card core set includes:<br \/>\n15 Heroes<br \/>\n5 Big Bads<br \/>\n7 Villain Groups<br \/>\n5 Henchmen Villain Groups<br \/>\n8 Schemes<br \/>\n40 Watchers<br \/>\n20 Initiative Soldiers<br \/>\n15 Potential Slayers<br \/>\n30 Bystanders<br \/>\n30 Wounds<br \/>\n11 Scheme Twists<br \/>\n5 Master Strikes<br \/>\nalso includes 60 Dividers<\/p>\n<p><strong>F\u00f6r 1-5 spelare<\/strong><br \/>\n<strong>30-60\u00a0min speltid<\/strong><br \/>\n<strong>Rekommenderad \u00e5lder: 14 <\/strong><br \/>\n<strong><a href=\"https:\/\/boardgamegeek.com\/boardgame\/210290\/legendary-buffy-vampire-slayer\" target=\"_blank\" rel=\"noopener\">L\u00e4s mer p\u00e5 Boardgamegeek<\/a><\/strong><\/p>","protected":false},"excerpt":{"rendered":"<p>Ett helt nytt frist\u00e5ende Legendary-spel p\u00e5 500 kort om allas v\u00e5r favoritvampyrdr\u00e4pare!<\/p>","protected":false},"featured_media":35720,"template":"","meta":[],"product_brand":[],"product_cat":[16,63],"product_tag":[101,336],"class_list":{"0":"post-35719","1":"product","2":"type-product","3":"status-publish","4":"has-post-thumbnail","6":"product_cat-ameritrash","7":"product_cat-kortspel","8":"product_tag-horrorspeltips","9":"product_tag-upper-deck","11":"first","12":"outofstock","13":"taxable","14":"shipping-taxable","15":"purchasable","16":"product-type-simple"},"_links":{"self":[{"href":"https:\/\/www.alltpaettkort.com\/en\/wp-json\/wp\/v2\/product\/35719","targetHints":{"allow":["GET"]}}],"collection":[{"href":"https:\/\/www.alltpaettkort.com\/en\/wp-json\/wp\/v2\/product"}],"about":[{"href":"https:\/\/www.alltpaettkort.com\/en\/wp-json\/wp\/v2\/types\/product"}],"wp:featuredmedia":[{"embeddable":true,"href":"https:\/\/www.alltpaettkort.com\/en\/wp-json\/wp\/v2\/media\/35720"}],"wp:attachment":[{"href":"https:\/\/www.alltpaettkort.com\/en\/wp-json\/wp\/v2\/media?parent=35719"}],"wp:term":[{"taxonomy":"product_brand","embeddable":true,"href":"https:\/\/www.alltpaettkort.com\/en\/wp-json\/wp\/v2\/product_brand?post=35719"},{"taxonomy":"product_cat","embeddable":true,"href":"https:\/\/www.alltpaettkort.com\/en\/wp-json\/wp\/v2\/product_cat?post=35719"},{"taxonomy":"product_tag","embeddable":true,"href":"https:\/\/www.alltpaettkort.com\/en\/wp-json\/wp\/v2\/product_tag?post=35719"}],"curies":[{"name":"wp","href":"https:\/\/api.w.org\/{rel}","templated":true}]}}