{"id":35728,"date":"2017-11-20T11:35:29","date_gmt":"2017-11-20T11:35:29","guid":{"rendered":"https:\/\/www.alltpaettkort.com\/produkt\/exit-the-game-the-forgotten-island\/"},"modified":"2022-01-13T08:35:19","modified_gmt":"2022-01-13T08:35:19","slug":"exit-the-game-the-forgotten-island","status":"publish","type":"product","link":"https:\/\/www.alltpaettkort.com\/en\/product\/exit-the-game-the-forgotten-island\/","title":{"rendered":"Exit: The Game \u2013 The Forgotten Island"},"content":{"rendered":"<p>For those shipwrecked on the beach of this forgotten island, a chained boat is the only hope \u2014 but the mysterious owner has left puzzles over the whole island. Will the team solve them, free the boat, and escape?<\/p>\n<p><em><strong>Exit: The Game \u2013 The Forgotten Island<\/strong><\/em> is a puzzle game modeled after escape rooms.<\/p>\n<p><strong>F\u00f6r 1-6 spelare<\/strong><br \/>\n<strong>45-90 min speltid<\/strong><br \/>\n<strong>Rekommenderad \u00e5lder: 12 <\/strong><br \/>\n<strong><a href=\"https:\/\/boardgamegeek.com\/boardgame\/215841\/exit-game-forgotten-island\" target=\"_blank\" rel=\"noopener noreferrer\">L\u00e4s mer p\u00e5 Boardgamegeek<\/a><\/strong><\/p>","protected":false},"excerpt":{"rendered":"<p>Den h\u00e4r g\u00e5ngen \u00e4r spelarna strandsatta p\u00e5 en bortgl\u00f6md \u00f6 med en en mystisk fastkedjad b\u00e5t som \u00e4nd\u00e5 hopp&#8230;\u00a0Den rafflande Exit-serien har gjort stor succ\u00e9 med sina kniviga \u00e4ventyr fyllda med \u00f6verraskningar, pussel och utmaningar!<\/p>","protected":false},"featured_media":35729,"template":"","meta":[],"product_brand":[],"product_cat":[34,30],"product_tag":[436,387],"class_list":{"0":"post-35728","1":"product","2":"type-product","3":"status-publish","4":"has-post-thumbnail","6":"product_cat-aventyrsspel","7":"product_cat-sallskapsspel","8":"product_tag-exit-the-game","9":"product_tag-kosmos","11":"first","12":"outofstock","13":"taxable","14":"shipping-taxable","15":"purchasable","16":"product-type-simple"},"_links":{"self":[{"href":"https:\/\/www.alltpaettkort.com\/en\/wp-json\/wp\/v2\/product\/35728","targetHints":{"allow":["GET"]}}],"collection":[{"href":"https:\/\/www.alltpaettkort.com\/en\/wp-json\/wp\/v2\/product"}],"about":[{"href":"https:\/\/www.alltpaettkort.com\/en\/wp-json\/wp\/v2\/types\/product"}],"wp:featuredmedia":[{"embeddable":true,"href":"https:\/\/www.alltpaettkort.com\/en\/wp-json\/wp\/v2\/media\/35729"}],"wp:attachment":[{"href":"https:\/\/www.alltpaettkort.com\/en\/wp-json\/wp\/v2\/media?parent=35728"}],"wp:term":[{"taxonomy":"product_brand","embeddable":true,"href":"https:\/\/www.alltpaettkort.com\/en\/wp-json\/wp\/v2\/product_brand?post=35728"},{"taxonomy":"product_cat","embeddable":true,"href":"https:\/\/www.alltpaettkort.com\/en\/wp-json\/wp\/v2\/product_cat?post=35728"},{"taxonomy":"product_tag","embeddable":true,"href":"https:\/\/www.alltpaettkort.com\/en\/wp-json\/wp\/v2\/product_tag?post=35728"}],"curies":[{"name":"wp","href":"https:\/\/api.w.org\/{rel}","templated":true}]}}