{"id":35732,"date":"2017-11-20T11:44:27","date_gmt":"2017-11-20T11:44:27","guid":{"rendered":"https:\/\/www.alltpaettkort.com\/produkt\/exit-the-game-the-forbidden-castle\/"},"modified":"2022-01-13T08:35:20","modified_gmt":"2022-01-13T08:35:20","slug":"exit-the-game-the-forbidden-castle","status":"publish","type":"product","link":"https:\/\/www.alltpaettkort.com\/en\/product\/exit-the-game-the-forbidden-castle\/","title":{"rendered":"Exit: The Game \u2013 The Forbidden Castle"},"content":{"rendered":"<p>The castle is the highlight of the hike, but hardly have the hikers entered the old walls, when the squeaky doors close. Escape appears impossible \u2014 but strange hints may lead players in a new direction. Can they solve the riddles and find the way to freedom?<\/p>\n<p><em><strong>Exit: The Game \u2013 The Forbidden Castle<\/strong><\/em> is a puzzle game modeled after escape rooms.<\/p>\n<p><strong>F\u00f6r 1-6 spelare<\/strong><br \/>\n<strong>45-90 min speltid<\/strong><br \/>\n<strong>Rekommenderad \u00e5lder: 12 <\/strong><br \/>\n<strong><a href=\"https:\/\/boardgamegeek.com\/boardgame\/215840\/exit-game-forbidden-castle\" target=\"_blank\" rel=\"noopener\">L\u00e4s mer p\u00e5 Boardgamegeek<\/a><\/strong><\/p>","protected":false},"excerpt":{"rendered":"<p>Slottet var fr\u00e5n b\u00f6rjan ett trevligt utflyktsm\u00e5l, men n\u00e4r d\u00f6rrarna mystiskt st\u00e4ngs bakom spelarna \u00e4ndrades f\u00f6ruts\u00e4ttningarna radikalt&#8230; Den rafflande Exit-serien har gjort stor succ\u00e9 med sina kniviga \u00e4ventyr fyllda med \u00f6verraskningar, pussel och utmaningar!<\/p>","protected":false},"featured_media":35733,"template":"","meta":[],"product_brand":[],"product_cat":[34,30],"product_tag":[436,387],"class_list":{"0":"post-35732","1":"product","2":"type-product","3":"status-publish","4":"has-post-thumbnail","6":"product_cat-aventyrsspel","7":"product_cat-sallskapsspel","8":"product_tag-exit-the-game","9":"product_tag-kosmos","11":"first","12":"outofstock","13":"taxable","14":"shipping-taxable","15":"purchasable","16":"product-type-simple"},"_links":{"self":[{"href":"https:\/\/www.alltpaettkort.com\/en\/wp-json\/wp\/v2\/product\/35732","targetHints":{"allow":["GET"]}}],"collection":[{"href":"https:\/\/www.alltpaettkort.com\/en\/wp-json\/wp\/v2\/product"}],"about":[{"href":"https:\/\/www.alltpaettkort.com\/en\/wp-json\/wp\/v2\/types\/product"}],"wp:featuredmedia":[{"embeddable":true,"href":"https:\/\/www.alltpaettkort.com\/en\/wp-json\/wp\/v2\/media\/35733"}],"wp:attachment":[{"href":"https:\/\/www.alltpaettkort.com\/en\/wp-json\/wp\/v2\/media?parent=35732"}],"wp:term":[{"taxonomy":"product_brand","embeddable":true,"href":"https:\/\/www.alltpaettkort.com\/en\/wp-json\/wp\/v2\/product_brand?post=35732"},{"taxonomy":"product_cat","embeddable":true,"href":"https:\/\/www.alltpaettkort.com\/en\/wp-json\/wp\/v2\/product_cat?post=35732"},{"taxonomy":"product_tag","embeddable":true,"href":"https:\/\/www.alltpaettkort.com\/en\/wp-json\/wp\/v2\/product_tag?post=35732"}],"curies":[{"name":"wp","href":"https:\/\/api.w.org\/{rel}","templated":true}]}}