{"id":35770,"date":"2017-12-05T11:29:36","date_gmt":"2017-12-05T11:29:36","guid":{"rendered":"https:\/\/www.alltpaettkort.com\/produkt\/charterstone-recharge-pack\/"},"modified":"2022-01-13T08:35:22","modified_gmt":"2022-01-13T08:35:22","slug":"charterstone-recharge-pack","status":"publish","type":"product","link":"https:\/\/www.alltpaettkort.com\/en\/product\/charterstone-recharge-pack\/","title":{"rendered":"Charterstone Recharge Pack"},"content":{"rendered":"<p>The <em><strong>Charterstone Recharge Pack<\/strong><\/em> contains the components for a second campaign of <em>Charterstone<\/em>. It is completely optional as <em>Charterstone<\/em> is designed to be infinitely replayable after the first twelve-game legacy campaign.<\/p>\n<p>The back side of the game board (included in the core game) is used for the second campaign. It contains all components that were permanently changed in the first campaign while allowing players to use unchanged components like wooden resources, meeples, and metal coins.<\/p>\n<p><strong><a href=\"https:\/\/boardgamegeek.com\/boardgameexpansion\/234856\/charterstone-recharge-pack\" target=\"_blank\" rel=\"noopener\">L\u00e4s mer p\u00e5 Boardgamegeek<\/a><\/strong><\/p>\n<p>&nbsp;<\/p>","protected":false},"excerpt":{"rendered":"<p>Recharge-pack till Charterstone s\u00e5 att du kan ha flera kampanjer ig\u00e5ng samtidigt eller f\u00f6r att helt enkelt \u00e5terst\u00e4lla alla\u00a0komponenter som f\u00f6r\u00e4ndras under spelets g\u00e5ng!<\/p>","protected":false},"featured_media":35771,"template":"","meta":[],"product_brand":[],"product_cat":[43],"product_tag":[419,263],"class_list":{"0":"post-35770","1":"product","2":"type-product","3":"status-publish","4":"has-post-thumbnail","6":"product_cat-expansion","7":"product_tag-charterstone","8":"product_tag-stonemaier-games","10":"first","11":"outofstock","12":"taxable","13":"shipping-taxable","14":"purchasable","15":"product-type-simple"},"_links":{"self":[{"href":"https:\/\/www.alltpaettkort.com\/en\/wp-json\/wp\/v2\/product\/35770","targetHints":{"allow":["GET"]}}],"collection":[{"href":"https:\/\/www.alltpaettkort.com\/en\/wp-json\/wp\/v2\/product"}],"about":[{"href":"https:\/\/www.alltpaettkort.com\/en\/wp-json\/wp\/v2\/types\/product"}],"wp:featuredmedia":[{"embeddable":true,"href":"https:\/\/www.alltpaettkort.com\/en\/wp-json\/wp\/v2\/media\/35771"}],"wp:attachment":[{"href":"https:\/\/www.alltpaettkort.com\/en\/wp-json\/wp\/v2\/media?parent=35770"}],"wp:term":[{"taxonomy":"product_brand","embeddable":true,"href":"https:\/\/www.alltpaettkort.com\/en\/wp-json\/wp\/v2\/product_brand?post=35770"},{"taxonomy":"product_cat","embeddable":true,"href":"https:\/\/www.alltpaettkort.com\/en\/wp-json\/wp\/v2\/product_cat?post=35770"},{"taxonomy":"product_tag","embeddable":true,"href":"https:\/\/www.alltpaettkort.com\/en\/wp-json\/wp\/v2\/product_tag?post=35770"}],"curies":[{"name":"wp","href":"https:\/\/api.w.org\/{rel}","templated":true}]}}