{"id":35782,"date":"2017-11-24T10:42:14","date_gmt":"2017-11-24T10:42:14","guid":{"rendered":"https:\/\/www.alltpaettkort.com\/produkt\/indian-summer\/"},"modified":"2022-01-13T08:35:23","modified_gmt":"2022-01-13T08:35:23","slug":"indian-summer","status":"publish","type":"product","link":"https:\/\/www.alltpaettkort.com\/en\/product\/indian-summer\/","title":{"rendered":"Indian Summer"},"content":{"rendered":"<p>Before winter makes its appearance, a particularly warm fall bathes the forest in a golden shimmer. During the Indian Summer, New England blossoms one last time. Treetops are ablaze with countless colors \u2014 a living rainbow, from green to orange to red. Slowly the first leaves are starting to fall. Meanwhile, our steps and the diligent squirrels rustle the colorful foliage.<\/p>\n<p>On our walks through the woods, we discover all kinds of little treasures; we collect berries, nuts, mushrooms and feathers. We pause for a moment to watch the shy inhabitants of the forest before we set off towards home once again. There, a good book and a hot tea are already awaiting.<\/p>\n<p><em><strong>Indian Summer<\/strong><\/em> is the second part of Uwe Rosenberg&#8217;s puzzle trilogy following 2016&#8217;s <em>Cottage Garden<\/em>, and this game is firmly geared towards experienced players. At the heart of the game are puzzle tiles with holes that are placed on individual forest boards to cover up treasures. When players get their hands on these, they gain more options and an edge over their opponents. All that counts in the end is to be the first to cover your forest floor completely with leaves.<\/p>\n<p><strong>F\u00f6r 1-4 spelare<\/strong><br \/>\n<strong>15-60\u00a0min speltid<\/strong><br \/>\n<strong>Rekommenderad \u00e5lder: 10 <\/strong><br \/>\n<strong><a href=\"https:\/\/boardgamegeek.com\/boardgame\/233678\/indian-summer\" target=\"_blank\" rel=\"noopener\">L\u00e4s mer p\u00e5 Boardgamegeek<\/a><\/strong><\/p>","protected":false},"excerpt":{"rendered":"<p>Vansinnigt fin uppf\u00f6ljare till det f\u00f6rtjusande Cottage Garden, vackrare \u00e4n n\u00e5gonsin komplett med ekorrar och r\u00e4var!<\/p>","protected":false},"featured_media":35783,"template":"","meta":[],"product_brand":[],"product_cat":[30,17],"product_tag":[],"class_list":{"0":"post-35782","1":"product","2":"type-product","3":"status-publish","4":"has-post-thumbnail","6":"product_cat-sallskapsspel","7":"product_cat-strategispel","9":"first","10":"outofstock","11":"taxable","12":"shipping-taxable","13":"purchasable","14":"product-type-simple"},"_links":{"self":[{"href":"https:\/\/www.alltpaettkort.com\/en\/wp-json\/wp\/v2\/product\/35782","targetHints":{"allow":["GET"]}}],"collection":[{"href":"https:\/\/www.alltpaettkort.com\/en\/wp-json\/wp\/v2\/product"}],"about":[{"href":"https:\/\/www.alltpaettkort.com\/en\/wp-json\/wp\/v2\/types\/product"}],"wp:featuredmedia":[{"embeddable":true,"href":"https:\/\/www.alltpaettkort.com\/en\/wp-json\/wp\/v2\/media\/35783"}],"wp:attachment":[{"href":"https:\/\/www.alltpaettkort.com\/en\/wp-json\/wp\/v2\/media?parent=35782"}],"wp:term":[{"taxonomy":"product_brand","embeddable":true,"href":"https:\/\/www.alltpaettkort.com\/en\/wp-json\/wp\/v2\/product_brand?post=35782"},{"taxonomy":"product_cat","embeddable":true,"href":"https:\/\/www.alltpaettkort.com\/en\/wp-json\/wp\/v2\/product_cat?post=35782"},{"taxonomy":"product_tag","embeddable":true,"href":"https:\/\/www.alltpaettkort.com\/en\/wp-json\/wp\/v2\/product_tag?post=35782"}],"curies":[{"name":"wp","href":"https:\/\/api.w.org\/{rel}","templated":true}]}}