{"id":35889,"date":"2021-11-29T14:52:32","date_gmt":"2021-11-29T14:52:32","guid":{"rendered":"https:\/\/www.alltpaettkort.com\/produkt\/flamme-rouge-peloton\/"},"modified":"2024-12-03T20:41:23","modified_gmt":"2024-12-03T20:41:23","slug":"flamme-rouge-peloton","status":"publish","type":"product","link":"https:\/\/www.alltpaettkort.com\/en\/product\/flamme-rouge-peloton\/","title":{"rendered":"Flamme Rouge: Peloton"},"content":{"rendered":"<p><em><strong>Flamme Rouge: Peloton<\/strong><\/em>, the first expansion for <em>Flamme Rouge<\/em>, offers a chase group of four riders (pink and white rouleurs and sprinters) that allows the base game to be played with up to six players. All 5-6 player games are played with a breakaway tile and 1-3 supply zone tiles. These can also be added to your games at lower player counts.<\/p>\n<p>The box cover shows the iconic cobblestone races that are represented with new tiles in the game; these tiles are mostly one space wide, occasionally two, and don&#8217;t allow slip streaming.<\/p>\n<p><em>Flamme Rouge: Peloton<\/em> includes variants for solo play and for games with up to twelve players, each controlling only one rider.<\/p>\n<p><strong><a href=\"https:\/\/boardgamegeek.com\/boardgameexpansion\/229941\/flamme-rouge-peloton\" target=\"_blank\" rel=\"noopener noreferrer\">L\u00e4s mer p\u00e5 Boardgamegeek<\/a><\/strong><\/p>","protected":false},"excerpt":{"rendered":"<p>Expansion till det sp\u00e4nnande Flamme Rouge med nya spelarf\u00e4rgerna vit och r\u00f6d med st\u00f6d upp till hela 12\u00a0spelare!<\/p>","protected":false},"featured_media":35890,"template":"","meta":[],"product_brand":[],"product_cat":[43],"product_tag":[394,97],"class_list":{"0":"post-35889","1":"product","2":"type-product","3":"status-publish","4":"has-post-thumbnail","6":"product_cat-expansion","7":"product_tag-flamme-rouge","8":"product_tag-lautapelit","10":"first","11":"outofstock","12":"taxable","13":"shipping-taxable","14":"purchasable","15":"product-type-simple"},"_links":{"self":[{"href":"https:\/\/www.alltpaettkort.com\/en\/wp-json\/wp\/v2\/product\/35889","targetHints":{"allow":["GET"]}}],"collection":[{"href":"https:\/\/www.alltpaettkort.com\/en\/wp-json\/wp\/v2\/product"}],"about":[{"href":"https:\/\/www.alltpaettkort.com\/en\/wp-json\/wp\/v2\/types\/product"}],"wp:featuredmedia":[{"embeddable":true,"href":"https:\/\/www.alltpaettkort.com\/en\/wp-json\/wp\/v2\/media\/35890"}],"wp:attachment":[{"href":"https:\/\/www.alltpaettkort.com\/en\/wp-json\/wp\/v2\/media?parent=35889"}],"wp:term":[{"taxonomy":"product_brand","embeddable":true,"href":"https:\/\/www.alltpaettkort.com\/en\/wp-json\/wp\/v2\/product_brand?post=35889"},{"taxonomy":"product_cat","embeddable":true,"href":"https:\/\/www.alltpaettkort.com\/en\/wp-json\/wp\/v2\/product_cat?post=35889"},{"taxonomy":"product_tag","embeddable":true,"href":"https:\/\/www.alltpaettkort.com\/en\/wp-json\/wp\/v2\/product_tag?post=35889"}],"curies":[{"name":"wp","href":"https:\/\/api.w.org\/{rel}","templated":true}]}}