{"id":35930,"date":"2017-12-04T10:49:25","date_gmt":"2017-12-04T10:49:25","guid":{"rendered":"https:\/\/www.alltpaettkort.com\/produkt\/noria\/"},"modified":"2022-01-13T08:35:29","modified_gmt":"2022-01-13T08:35:29","slug":"noria","status":"publish","type":"product","link":"https:\/\/www.alltpaettkort.com\/en\/product\/noria\/","title":{"rendered":"Noria"},"content":{"rendered":"<p><em>A new era is looming on the horizon. The future of Noria is right in front of you, and you must guide your flourishing trading empire into prosperity. Discover flying islands, buy ships, and build factories. Invest in prestigious projects, and secure their success by passing on secret knowledge to politicians. For even above the clouds, there is still room for improvement&#8230;<\/em><\/p>\n<p><em><strong>Noria<\/strong><\/em> is the debut title from Sophia Wagner, winner of the Spiel des Jahres fellowship in 2015. The talented, young author created an entirely new steampunk universe specifically for this game, and artists Michael Menzel and Klemens Franz have managed to bring her vision to life. At the center of the game is an innovative mechanism called &#8221;wheel building&#8221;. Each player has an action wheel consisting of three rings, with slots for a number of different action discs. Over the course of the game, players try to obtain new discs and manipulate the rings of the wheel to optimize their action selection. Additionally, to ensure their investments bear fruit, they also need to bribe politicians with knowledge.<\/p>\n<p><strong>F\u00f6r 2-4 spelare<\/strong><br \/>\n<strong>70-120 min speltid<\/strong><br \/>\n<strong>Rekommenderad \u00e5lder: 12 <\/strong><br \/>\n<strong><a href=\"https:\/\/boardgamegeek.com\/boardgame\/233676\/noria\" target=\"_blank\" rel=\"noopener\">L\u00e4s mer p\u00e5 Boardgamegeek<\/a><\/strong><\/p>","protected":false},"excerpt":{"rendered":"<p>Fascinerande spel fr\u00e5n Sophia Wagner om att uppt\u00e4cka flygande \u00f6ar, k\u00f6pa luftskepp och bygga fabriker, med en sp\u00e4nnande wheel building-motor i centrum!<\/p>","protected":false},"featured_media":35931,"template":"","meta":[],"product_brand":[],"product_cat":[29,17],"product_tag":[55],"class_list":{"0":"post-35930","1":"product","2":"type-product","3":"status-publish","4":"has-post-thumbnail","6":"product_cat-eurospel","7":"product_cat-strategispel","8":"product_tag-pegasus-spiele","10":"first","11":"outofstock","12":"taxable","13":"shipping-taxable","14":"purchasable","15":"product-type-simple"},"_links":{"self":[{"href":"https:\/\/www.alltpaettkort.com\/en\/wp-json\/wp\/v2\/product\/35930","targetHints":{"allow":["GET"]}}],"collection":[{"href":"https:\/\/www.alltpaettkort.com\/en\/wp-json\/wp\/v2\/product"}],"about":[{"href":"https:\/\/www.alltpaettkort.com\/en\/wp-json\/wp\/v2\/types\/product"}],"wp:featuredmedia":[{"embeddable":true,"href":"https:\/\/www.alltpaettkort.com\/en\/wp-json\/wp\/v2\/media\/35931"}],"wp:attachment":[{"href":"https:\/\/www.alltpaettkort.com\/en\/wp-json\/wp\/v2\/media?parent=35930"}],"wp:term":[{"taxonomy":"product_brand","embeddable":true,"href":"https:\/\/www.alltpaettkort.com\/en\/wp-json\/wp\/v2\/product_brand?post=35930"},{"taxonomy":"product_cat","embeddable":true,"href":"https:\/\/www.alltpaettkort.com\/en\/wp-json\/wp\/v2\/product_cat?post=35930"},{"taxonomy":"product_tag","embeddable":true,"href":"https:\/\/www.alltpaettkort.com\/en\/wp-json\/wp\/v2\/product_tag?post=35930"}],"curies":[{"name":"wp","href":"https:\/\/api.w.org\/{rel}","templated":true}]}}