{"id":36025,"date":"2018-01-09T11:39:39","date_gmt":"2018-01-09T11:39:39","guid":{"rendered":"https:\/\/www.alltpaettkort.com\/produkt\/unlock-mystery-adventures\/"},"modified":"2022-01-13T08:35:32","modified_gmt":"2022-01-13T08:35:32","slug":"unlock-mystery-adventures","status":"publish","type":"product","link":"https:\/\/www.alltpaettkort.com\/en\/product\/unlock-mystery-adventures\/","title":{"rendered":"Unlock! Mystery Adventures"},"content":{"rendered":"<p>Unlock! Mystery Adventures features three new &#8221;escape room&#8221; scenarios that you can play on your tabletop:<\/p>\n<p>\u2022 The Nautilus&#8217; Traps: Attack by a sea monster during a dive, you seek shelter by opening an old hatch in an old submarine. Find a way back to the surface! Designed by Arnaud Ladagnous, illustrated by Florian de Gesincourt.<br \/>\n\u2022 The House on the Hill: What&#8217;s going on in this run down manor? Explore the sinister pieces and foil the curse that haunts this desolate place. About the same difficulty as Squeak and Sausage. Designed by Fabrice Mazza, illustrated by Pierre Santamaria.<br \/>\n\u2022 The Tonipal&#8217;s Treasure: Captain Smith hid his treasure on Tonipal Island. Unravel the mystery before Johnson, another treasure hunter, beats you to it! The most difficult of the three but still easier than Island of Doctor Goorse. Designed by Billy Stevenson &amp; Sebastien Pauchon, illustrated by Sergo.<\/p>\n<p><strong>F\u00f6r 2-6 spelare<\/strong><br \/>\n<strong>45-75\u00a0min speltid<\/strong><br \/>\n<strong>Rekommenderad \u00e5lder: 10 <\/strong><br \/>\n<strong><a href=\"https:\/\/boardgamegeek.com\/boardgame\/228867\/unlock-mystery-adventures\" target=\"_blank\" rel=\"noopener\">L\u00e4s mer p\u00e5 Boardgamegeek<\/a><\/strong><\/p>\n<p>&nbsp;<\/p>","protected":false},"excerpt":{"rendered":"<p>Nytt sp\u00e4nnande Unlock!-spel med tre gastkramande \u00e4ventyr att h\u00f6ja pulsen med!<\/p>","protected":false},"featured_media":36026,"template":"","meta":[],"product_brand":[],"product_cat":[34,38,30],"product_tag":[332,410],"class_list":{"0":"post-36025","1":"product","2":"type-product","3":"status-publish","4":"has-post-thumbnail","6":"product_cat-aventyrsspel","7":"product_cat-partyspel","8":"product_cat-sallskapsspel","9":"product_tag-space-cowboys","10":"product_tag-unlock","12":"first","13":"outofstock","14":"taxable","15":"shipping-taxable","16":"purchasable","17":"product-type-simple"},"_links":{"self":[{"href":"https:\/\/www.alltpaettkort.com\/en\/wp-json\/wp\/v2\/product\/36025","targetHints":{"allow":["GET"]}}],"collection":[{"href":"https:\/\/www.alltpaettkort.com\/en\/wp-json\/wp\/v2\/product"}],"about":[{"href":"https:\/\/www.alltpaettkort.com\/en\/wp-json\/wp\/v2\/types\/product"}],"wp:featuredmedia":[{"embeddable":true,"href":"https:\/\/www.alltpaettkort.com\/en\/wp-json\/wp\/v2\/media\/36026"}],"wp:attachment":[{"href":"https:\/\/www.alltpaettkort.com\/en\/wp-json\/wp\/v2\/media?parent=36025"}],"wp:term":[{"taxonomy":"product_brand","embeddable":true,"href":"https:\/\/www.alltpaettkort.com\/en\/wp-json\/wp\/v2\/product_brand?post=36025"},{"taxonomy":"product_cat","embeddable":true,"href":"https:\/\/www.alltpaettkort.com\/en\/wp-json\/wp\/v2\/product_cat?post=36025"},{"taxonomy":"product_tag","embeddable":true,"href":"https:\/\/www.alltpaettkort.com\/en\/wp-json\/wp\/v2\/product_tag?post=36025"}],"curies":[{"name":"wp","href":"https:\/\/api.w.org\/{rel}","templated":true}]}}