{"id":36052,"date":"2017-02-12T09:59:38","date_gmt":"2017-02-12T09:59:38","guid":{"rendered":"https:\/\/www.alltpaettkort.com\/produkt\/arkham-horror-ire-of-the-void\/"},"modified":"2022-01-13T08:35:32","modified_gmt":"2022-01-13T08:35:32","slug":"arkham-horror-ire-of-the-void","status":"publish","type":"product","link":"https:\/\/www.alltpaettkort.com\/en\/product\/arkham-horror-ire-of-the-void\/","title":{"rendered":"Arkham Horror: Ire of the Void"},"content":{"rendered":"<p>Take on the creatures that dwell between worlds in <em>Ire of the Void<\/em>! In this thrilling novella by Robert Lee Byers, astronomer and Miskatonic University professor Norman Withers seeks to restore his reputation among Arkham&#8217;s academic elite after doubt of his claim of observing the disappearance of six stars. With the help of a visiting physicist, Withers investigates a series of scientific conundrums that lead to his comrade&#8217;s disappearance into the void between worlds, and now both men are hunted by the vengeful hounds that reside there.<\/p>\n<p>Take on the role of the investigator yourself with detailed full-color inserts of Norman Withers&#8217; gathered evidence, complete with the astronomer&#8217;s notes. In addition to a hardcover copy of the book, <em>Ire of the Void<\/em> includes four promotional cards to allow readers to build a deck for Norman Withers in <em>Arkham Horror: The Card Game<\/em>. With new tools and obstacles to enhance your investigations, you will be prepared to take on the forces of darkness like never before!<\/p>","protected":false},"excerpt":{"rendered":"<p>Arkham Horror-novell om den akademiska uppr\u00e4ttelsen av Arkhams stiligaste sk\u00e4gg, tillh\u00f6randes astronomen Roboert Lee Byers! F\u00f6ljer \u00e4ven med 4\u00a0unika kort till Arkham Horror: The Card Game!<\/p>","protected":false},"featured_media":36053,"template":"","meta":[],"product_brand":[],"product_cat":[103],"product_tag":[388,453,18],"class_list":{"0":"post-36052","1":"product","2":"type-product","3":"status-publish","4":"has-post-thumbnail","6":"product_cat-tillbehor","7":"product_tag-arkham-horror-the-card-game","8":"product_tag-arkham-novels","9":"product_tag-fantasy-flight-games","11":"first","12":"outofstock","13":"taxable","14":"shipping-taxable","15":"purchasable","16":"product-type-simple"},"_links":{"self":[{"href":"https:\/\/www.alltpaettkort.com\/en\/wp-json\/wp\/v2\/product\/36052","targetHints":{"allow":["GET"]}}],"collection":[{"href":"https:\/\/www.alltpaettkort.com\/en\/wp-json\/wp\/v2\/product"}],"about":[{"href":"https:\/\/www.alltpaettkort.com\/en\/wp-json\/wp\/v2\/types\/product"}],"wp:featuredmedia":[{"embeddable":true,"href":"https:\/\/www.alltpaettkort.com\/en\/wp-json\/wp\/v2\/media\/36053"}],"wp:attachment":[{"href":"https:\/\/www.alltpaettkort.com\/en\/wp-json\/wp\/v2\/media?parent=36052"}],"wp:term":[{"taxonomy":"product_brand","embeddable":true,"href":"https:\/\/www.alltpaettkort.com\/en\/wp-json\/wp\/v2\/product_brand?post=36052"},{"taxonomy":"product_cat","embeddable":true,"href":"https:\/\/www.alltpaettkort.com\/en\/wp-json\/wp\/v2\/product_cat?post=36052"},{"taxonomy":"product_tag","embeddable":true,"href":"https:\/\/www.alltpaettkort.com\/en\/wp-json\/wp\/v2\/product_tag?post=36052"}],"curies":[{"name":"wp","href":"https:\/\/api.w.org\/{rel}","templated":true}]}}