{"id":36132,"date":"2018-01-21T12:12:28","date_gmt":"2018-01-21T12:12:28","guid":{"rendered":"https:\/\/www.alltpaettkort.com\/produkt\/meeple-circus\/"},"modified":"2022-01-13T08:35:35","modified_gmt":"2022-01-13T08:35:35","slug":"meeple-circus","status":"publish","type":"product","link":"https:\/\/www.alltpaettkort.com\/en\/product\/meeple-circus\/","title":{"rendered":"Meeple Circus"},"content":{"rendered":"<p>Let the show begin!<\/p>\n<p>You have only one goal in <em><strong>Meeple Circus<\/strong><\/em>: Entertain the audience. The competition is tough, but you can create the most amazing circus by proposing incredible acts! Acrobats, horses, and many accessories are at your disposal. Be sure to undertake a good rehearsal, then with your remarkable dexterity, you can give them the show of their lifetime. Once the circus music starts, all eyes will be upon you!<\/p>\n<p>In short, <em>Meeple Circus<\/em> is a dexterity game in which you do what all gamers do when setting up a game: Pile up your meeples!<\/p>\n<p><strong>F\u00f6r 2-5 spelare<\/strong><br \/>\n<strong>45\u00a0min speltid<\/strong><br \/>\n<strong>Rekommenderad \u00e5lder: 8 <\/strong><br \/>\n<strong><a href=\"https:\/\/boardgamegeek.com\/boardgame\/193214\/meeple-circus\" target=\"_blank\" rel=\"noopener\">L\u00e4s mer p\u00e5 Boardgamegeek<\/a><\/strong><\/p>","protected":false},"excerpt":{"rendered":"<p>Dundercharmigt circus-spel d\u00e4r spelarna f\u00f6rs\u00f6ker sig p\u00e5 v\u00e5ghalsiga trick genom att stapla sina f\u00f6rtjusande circus-meeples p\u00e5 diverse\u00a0kreativa s\u00e4tt!<\/p>","protected":false},"featured_media":36133,"template":"","meta":[],"product_brand":[],"product_cat":[69,31,30],"product_tag":[189],"class_list":{"0":"post-36132","1":"product","2":"type-product","3":"status-publish","4":"has-post-thumbnail","6":"product_cat-barnspel","7":"product_cat-familjespel","8":"product_cat-sallskapsspel","9":"product_tag-matagot","11":"first","12":"outofstock","13":"taxable","14":"shipping-taxable","15":"purchasable","16":"product-type-simple"},"_links":{"self":[{"href":"https:\/\/www.alltpaettkort.com\/en\/wp-json\/wp\/v2\/product\/36132","targetHints":{"allow":["GET"]}}],"collection":[{"href":"https:\/\/www.alltpaettkort.com\/en\/wp-json\/wp\/v2\/product"}],"about":[{"href":"https:\/\/www.alltpaettkort.com\/en\/wp-json\/wp\/v2\/types\/product"}],"wp:featuredmedia":[{"embeddable":true,"href":"https:\/\/www.alltpaettkort.com\/en\/wp-json\/wp\/v2\/media\/36133"}],"wp:attachment":[{"href":"https:\/\/www.alltpaettkort.com\/en\/wp-json\/wp\/v2\/media?parent=36132"}],"wp:term":[{"taxonomy":"product_brand","embeddable":true,"href":"https:\/\/www.alltpaettkort.com\/en\/wp-json\/wp\/v2\/product_brand?post=36132"},{"taxonomy":"product_cat","embeddable":true,"href":"https:\/\/www.alltpaettkort.com\/en\/wp-json\/wp\/v2\/product_cat?post=36132"},{"taxonomy":"product_tag","embeddable":true,"href":"https:\/\/www.alltpaettkort.com\/en\/wp-json\/wp\/v2\/product_tag?post=36132"}],"curies":[{"name":"wp","href":"https:\/\/api.w.org\/{rel}","templated":true}]}}