{"id":36144,"date":"2019-02-13T11:45:06","date_gmt":"2019-02-13T11:45:06","guid":{"rendered":"https:\/\/www.alltpaettkort.com\/produkt\/fog-of-love\/"},"modified":"2022-01-13T08:35:37","modified_gmt":"2022-01-13T08:35:37","slug":"fog-of-love","status":"publish","type":"product","link":"https:\/\/www.alltpaettkort.com\/en\/product\/fog-of-love\/","title":{"rendered":"Fog of Love"},"content":{"rendered":"<p><em><strong>Fog of Love<\/strong><\/em> is a game for two players. You will create and play two vivid characters who meet, fall in love and face the challenge of making an unusual relationship work.<\/p>\n<p>Playing Fog of Love is like being in a romantic comedy: roller-coaster rides, awkward situations, lots of laughs and plenty of difficult compromises to make.<\/p>\n<p>Much as in a real relationship, goals might be at odds. You can try to change, keep being relentless or even secretly decide to be a Heartbreaker. It\u2019s your choice.<\/p>\n<p>The happily ever after won\u2019t be certain, but whatever way your zigzag romance unfolds, you\u2019ll always end up with a story full of surprises \u2013 guaranteed to raise a smile!<\/p>\n<p><strong>F\u00f6r 2 spelare<\/strong><br \/>\n<strong>60-120 min speltid<\/strong><br \/>\n<strong>Rekommenderad \u00e5lder: 17 <\/strong><br \/>\n<strong><a href=\"https:\/\/boardgamegeek.com\/boardgame\/175324\/fog-love\" target=\"_blank\" rel=\"noopener\">L\u00e4s mer p\u00e5 Boardgamegeek<\/a><\/strong><\/p>","protected":false},"excerpt":{"rendered":"<p>V\u00e4ldigt unikt spel f\u00f6r tv\u00e5 om att tr\u00e4ffas, bli f\u00f6r\u00e4lskade och ta sig genom ett f\u00f6rh\u00e5llande med allt vad det inneb\u00e4r!<\/p>","protected":false},"featured_media":36145,"template":"","meta":[],"product_brand":[],"product_cat":[30],"product_tag":[454],"class_list":{"0":"post-36144","1":"product","2":"type-product","3":"status-publish","4":"has-post-thumbnail","6":"product_cat-sallskapsspel","7":"product_tag-hush-hush-projects","9":"first","10":"outofstock","11":"taxable","12":"shipping-taxable","13":"purchasable","14":"product-type-simple"},"_links":{"self":[{"href":"https:\/\/www.alltpaettkort.com\/en\/wp-json\/wp\/v2\/product\/36144","targetHints":{"allow":["GET"]}}],"collection":[{"href":"https:\/\/www.alltpaettkort.com\/en\/wp-json\/wp\/v2\/product"}],"about":[{"href":"https:\/\/www.alltpaettkort.com\/en\/wp-json\/wp\/v2\/types\/product"}],"wp:featuredmedia":[{"embeddable":true,"href":"https:\/\/www.alltpaettkort.com\/en\/wp-json\/wp\/v2\/media\/36145"}],"wp:attachment":[{"href":"https:\/\/www.alltpaettkort.com\/en\/wp-json\/wp\/v2\/media?parent=36144"}],"wp:term":[{"taxonomy":"product_brand","embeddable":true,"href":"https:\/\/www.alltpaettkort.com\/en\/wp-json\/wp\/v2\/product_brand?post=36144"},{"taxonomy":"product_cat","embeddable":true,"href":"https:\/\/www.alltpaettkort.com\/en\/wp-json\/wp\/v2\/product_cat?post=36144"},{"taxonomy":"product_tag","embeddable":true,"href":"https:\/\/www.alltpaettkort.com\/en\/wp-json\/wp\/v2\/product_tag?post=36144"}],"curies":[{"name":"wp","href":"https:\/\/api.w.org\/{rel}","templated":true}]}}